{"id":7225,"date":"2021-11-10T20:29:13","date_gmt":"2021-11-10T23:29:13","guid":{"rendered":"https:\/\/ipselectronica.cl\/web\/producto\/rele-termico-tor-screw-32a-9-13a-gt32s13a\/"},"modified":"2024-05-17T18:47:25","modified_gmt":"2024-05-17T21:47:25","slug":"rele-termico-tor-screw-32a-9-13a-gt32s13a","status":"publish","type":"product","link":"https:\/\/ipselectronica.cl\/web\/producto\/rele-termico-tor-screw-32a-9-13a-gt32s13a\/","title":{"rendered":"Rel\u00e9 T\u00e9rmico 9-13A GT32S13A"},"content":{"rendered":"<p>Marca CARLO GAVAZZI Categor\u00eda RELE TERMICO<\/p>\n<p>&nbsp;<\/p>\n<p>Las im\u00e1genes y especificaciones, mostrados o contenidos en esta Web pueden estar sujetas a cambios.<\/p>\n","protected":false},"excerpt":{"rendered":"<h5><span style=\"color: #3366ff;\">C\u00f3digo IPS: 890108<\/span><\/h5>\n<p>Modelo: GT32S13A<\/p>\n<p>&nbsp;<\/p>\n","protected":false},"featured_media":8116,"template":"","meta":{"_joinchat":[]},"product_brand":[],"product_cat":[588,489],"product_tag":[322,490,549],"class_list":{"0":"post-7225","1":"product","2":"type-product","3":"status-publish","4":"has-post-thumbnail","6":"product_cat-carlo-gavazzi-rele-termico","7":"product_cat-rele-termico","8":"product_tag-carlo-gavazzi","9":"product_tag-rele-termico","10":"product_tag-rele-termico-carlo-gavazzi","12":"first","13":"instock","14":"taxable","15":"shipping-taxable","16":"product-type-simple"},"_links":{"self":[{"href":"https:\/\/ipselectronica.cl\/web\/wp-json\/wp\/v2\/product\/7225","targetHints":{"allow":["GET"]}}],"collection":[{"href":"https:\/\/ipselectronica.cl\/web\/wp-json\/wp\/v2\/product"}],"about":[{"href":"https:\/\/ipselectronica.cl\/web\/wp-json\/wp\/v2\/types\/product"}],"wp:featuredmedia":[{"embeddable":true,"href":"https:\/\/ipselectronica.cl\/web\/wp-json\/wp\/v2\/media\/8116"}],"wp:attachment":[{"href":"https:\/\/ipselectronica.cl\/web\/wp-json\/wp\/v2\/media?parent=7225"}],"wp:term":[{"taxonomy":"product_brand","embeddable":true,"href":"https:\/\/ipselectronica.cl\/web\/wp-json\/wp\/v2\/product_brand?post=7225"},{"taxonomy":"product_cat","embeddable":true,"href":"https:\/\/ipselectronica.cl\/web\/wp-json\/wp\/v2\/product_cat?post=7225"},{"taxonomy":"product_tag","embeddable":true,"href":"https:\/\/ipselectronica.cl\/web\/wp-json\/wp\/v2\/product_tag?post=7225"}],"curies":[{"name":"wp","href":"https:\/\/api.w.org\/{rel}","templated":true}]}}