{"id":7218,"date":"2021-11-10T20:29:12","date_gmt":"2021-11-10T23:29:12","guid":{"rendered":"https:\/\/ipselectronica.cl\/web\/producto\/rele-termico-tor-screw-32a-1-1-6a-gt32s1-6a\/"},"modified":"2024-05-17T15:32:35","modified_gmt":"2024-05-17T18:32:35","slug":"rele-termico-tor-screw-32a-1-1-6a-gt32s1-6a","status":"publish","type":"product","link":"https:\/\/ipselectronica.cl\/web\/producto\/rele-termico-tor-screw-32a-1-1-6a-gt32s1-6a\/","title":{"rendered":"Rel\u00e9 T\u00e9rmico 1-1.6A GT32S1.6A"},"content":{"rendered":"<p>Marca CARLO GAVAZZI Categor\u00eda RELE TERMICO<\/p>\n<p>&nbsp;<\/p>\n<p>Las im\u00e1genes y especificaciones, mostrados o contenidos en esta Web pueden estar sujetas a cambios.<\/p>\n","protected":false},"excerpt":{"rendered":"<h5><span style=\"color: #3366ff;\">C\u00f3digo IPS: 890101<\/span><\/h5>\n<p>Modelo: GT32S1.6A<\/p>\n<p>&nbsp;<\/p>\n","protected":false},"featured_media":8117,"template":"","meta":{"_joinchat":[]},"product_brand":[],"product_cat":[588,489],"product_tag":[322,490,549],"class_list":{"0":"post-7218","1":"product","2":"type-product","3":"status-publish","4":"has-post-thumbnail","6":"product_cat-carlo-gavazzi-rele-termico","7":"product_cat-rele-termico","8":"product_tag-carlo-gavazzi","9":"product_tag-rele-termico","10":"product_tag-rele-termico-carlo-gavazzi","12":"first","13":"instock","14":"taxable","15":"shipping-taxable","16":"product-type-simple"},"_links":{"self":[{"href":"https:\/\/ipselectronica.cl\/web\/wp-json\/wp\/v2\/product\/7218","targetHints":{"allow":["GET"]}}],"collection":[{"href":"https:\/\/ipselectronica.cl\/web\/wp-json\/wp\/v2\/product"}],"about":[{"href":"https:\/\/ipselectronica.cl\/web\/wp-json\/wp\/v2\/types\/product"}],"wp:featuredmedia":[{"embeddable":true,"href":"https:\/\/ipselectronica.cl\/web\/wp-json\/wp\/v2\/media\/8117"}],"wp:attachment":[{"href":"https:\/\/ipselectronica.cl\/web\/wp-json\/wp\/v2\/media?parent=7218"}],"wp:term":[{"taxonomy":"product_brand","embeddable":true,"href":"https:\/\/ipselectronica.cl\/web\/wp-json\/wp\/v2\/product_brand?post=7218"},{"taxonomy":"product_cat","embeddable":true,"href":"https:\/\/ipselectronica.cl\/web\/wp-json\/wp\/v2\/product_cat?post=7218"},{"taxonomy":"product_tag","embeddable":true,"href":"https:\/\/ipselectronica.cl\/web\/wp-json\/wp\/v2\/product_tag?post=7218"}],"curies":[{"name":"wp","href":"https:\/\/api.w.org\/{rel}","templated":true}]}}