{"id":7189,"date":"2021-11-10T20:28:59","date_gmt":"2021-11-10T23:28:59","guid":{"rendered":"https:\/\/ipselectronica.cl\/web\/producto\/rele-undecal-10a-24-vdc-rci003d24v\/"},"modified":"2024-05-17T12:30:27","modified_gmt":"2024-05-17T15:30:27","slug":"rele-undecal-10a-24-vdc-rci003d24v","status":"publish","type":"product","link":"https:\/\/ipselectronica.cl\/web\/producto\/rele-undecal-10a-24-vdc-rci003d24v\/","title":{"rendered":"Rel\u00e9 UNDECAL 3PDT 10A 24 VDC RCI003D24V"},"content":{"rendered":"<div class=\"jss159\">Fabricante: Carlo Gavazzi Inc.<\/div>\n<div class=\"jss159\">\n<div>Serie:RCI<\/div>\n<\/div>\n<div class=\"jss159\">\n<div>Tipo de montaje: Undecal<\/div>\n<\/div>\n<div class=\"jss159\">\n<div>Voltaje de la bobina: 24 VCC<\/div>\n<\/div>\n<div class=\"jss159\">\n<div>Formulario de contacto: 3PDT (3 Forma C)<\/div>\n<\/div>\n<div class=\"jss159\">\n<div>Clasificaci\u00f3n de contacto (corriente): 10 A<\/div>\n<\/div>\n<div class=\"jss159\">\n<div>Voltaje de conmutaci\u00f3n: 250 VCA, 250 VCC &#8211; m\u00e1x.<\/div>\n<\/div>\n<div class=\"jss159\">\n<div>Corriente de la bobina: 66.7 mA<\/div>\n<\/div>\n<div class=\"jss159\">\n<div>Tipo de bobina: Sin pestillos<\/div>\n<\/div>\n<div class=\"jss159\">\n<div>Caracter\u00edsticas: Indicador iluminado, indicador mec\u00e1nico, bot\u00f3n de prueba<\/div>\n<\/div>\n<div class=\"jss159\">\n<div>Tipo de terminaci\u00f3n: Conectable, 11 clavijas (Octal)<\/div>\n<\/div>\n<div class=\"jss159\">\n<div>Clase de sello: &#8211;<\/div>\n<\/div>\n<div class=\"jss159\">\n<div>Aislamiento de la bobina: &#8211;<\/div>\n<\/div>\n<div class=\"jss159\">\n<div>Debe operar voltaje: 19.2 VCC<\/div>\n<\/div>\n<div class=\"jss159\">\n<div>Debe liberar voltaje: 2.4 VCC<\/div>\n<\/div>\n<div class=\"jss159\">\n<div>Tiempo de funcionamiento: 20 ms<\/div>\n<\/div>\n<div class=\"jss159\">\n<div>Tiempo de liberaci\u00f3n: 20 ms<\/div>\n<\/div>\n<div class=\"jss159\">\n<div>Temperatura de funcionamiento: -40\u00b0C ~ 55\u00b0C<\/div>\n<\/div>\n<div class=\"jss159\">\n<div>Material del contacto: Plata-Esta\u00f1o-\u00d3xido (AgSnO)<\/div>\n<\/div>\n<div class=\"jss159\">\n<div>Tipo de relevador: Prop\u00f3sito general<\/div>\n<\/div>\n<div class=\"jss159\">\n<div>Resistencia de bobina: 360 Ohms<\/div>\n<\/div>\n<p>&nbsp;<\/p>\n<p>Las im\u00e1genes y especificaciones, mostrados o contenidos en esta Web pueden estar sujetas a cambios.<\/p>\n","protected":false},"excerpt":{"rendered":"<h5><span style=\"color: #3366ff;\">C\u00f3digo IPS: 540012<\/span><\/h5>\n<p>Modelo: RCI003D24V<\/p>\n<p>&nbsp;<\/p>\n","protected":false},"featured_media":8258,"template":"","meta":{"_joinchat":[]},"product_brand":[],"product_cat":[578,576],"product_tag":[322,416,418],"class_list":{"0":"post-7189","1":"product","2":"type-product","3":"status-publish","4":"has-post-thumbnail","6":"product_cat-carlo-gavazzi","7":"product_cat-rele-electromecanico","8":"product_tag-carlo-gavazzi","9":"product_tag-reles","10":"product_tag-reles-carlo-gavazzi","12":"first","13":"instock","14":"taxable","15":"shipping-taxable","16":"product-type-simple"},"_links":{"self":[{"href":"https:\/\/ipselectronica.cl\/web\/wp-json\/wp\/v2\/product\/7189","targetHints":{"allow":["GET"]}}],"collection":[{"href":"https:\/\/ipselectronica.cl\/web\/wp-json\/wp\/v2\/product"}],"about":[{"href":"https:\/\/ipselectronica.cl\/web\/wp-json\/wp\/v2\/types\/product"}],"wp:featuredmedia":[{"embeddable":true,"href":"https:\/\/ipselectronica.cl\/web\/wp-json\/wp\/v2\/media\/8258"}],"wp:attachment":[{"href":"https:\/\/ipselectronica.cl\/web\/wp-json\/wp\/v2\/media?parent=7189"}],"wp:term":[{"taxonomy":"product_brand","embeddable":true,"href":"https:\/\/ipselectronica.cl\/web\/wp-json\/wp\/v2\/product_brand?post=7189"},{"taxonomy":"product_cat","embeddable":true,"href":"https:\/\/ipselectronica.cl\/web\/wp-json\/wp\/v2\/product_cat?post=7189"},{"taxonomy":"product_tag","embeddable":true,"href":"https:\/\/ipselectronica.cl\/web\/wp-json\/wp\/v2\/product_tag?post=7189"}],"curies":[{"name":"wp","href":"https:\/\/api.w.org\/{rel}","templated":true}]}}