{"id":7188,"date":"2021-11-10T20:28:59","date_gmt":"2021-11-10T23:28:59","guid":{"rendered":"https:\/\/ipselectronica.cl\/web\/producto\/rele-octal-10a-220-240vac-rci002a240v\/"},"modified":"2024-05-16T19:15:09","modified_gmt":"2024-05-16T22:15:09","slug":"rele-octal-10a-220-240vac-rci002a240v","status":"publish","type":"product","link":"https:\/\/ipselectronica.cl\/web\/producto\/rele-octal-10a-220-240vac-rci002a240v\/","title":{"rendered":"Rel\u00e9 Octal 2PDT 10A 220\/240VAC RCI002A240V"},"content":{"rendered":"<div class=\"jss159\">Fabricante: Carlo Gavazzi Inc.<\/div>\n<div class=\"jss159\">\n<div>Serie:RCI<\/div>\n<\/div>\n<div class=\"jss159\">\n<div>Tipo de montaje: Octal<\/div>\n<\/div>\n<div class=\"jss159\">Voltaje de la bobina: 240 VCA<\/div>\n<div class=\"jss159\">Formulario de contacto: 2PDT (2 Forma C)<\/div>\n<div class=\"jss159\">\n<div>Clasificaci\u00f3n de contacto (corriente): 10 A<\/div>\n<\/div>\n<div class=\"jss159\">Voltaje de conmutaci\u00f3n: 250 VCA, 250 VCC &#8211; m\u00e1x.<\/div>\n<div class=\"jss159\">\n<div>Corriente de la bobina: 35.3 mA<\/div>\n<\/div>\n<div class=\"jss159\">\n<div>Tipo de bobina: Sin pestillos<\/div>\n<\/div>\n<div class=\"jss159\">\n<div>Caracter\u00edsticas: Indicador iluminado, indicador mec\u00e1nico, bot\u00f3n de prueba<\/div>\n<\/div>\n<div class=\"jss159\">\n<div>Tipo de terminaci\u00f3n: Conectable, 8 clavijas (Octal)<\/div>\n<\/div>\n<div class=\"jss159\">\n<div>Clase de sello: &#8211;<\/div>\n<\/div>\n<div class=\"jss159\">\n<div>Aislamiento de la bobina: &#8211;<\/div>\n<\/div>\n<div class=\"jss159\">\n<div>Debe operar voltaje: 192 VCA<\/div>\n<\/div>\n<div class=\"jss159\">\n<div>Debe liberar voltaje: 72 VCA<\/div>\n<\/div>\n<div class=\"jss159\">\n<div>Tiempo de funcionamiento: 20 ms<\/div>\n<\/div>\n<div class=\"jss159\">\n<div>Tiempo de liberaci\u00f3n: 20 ms<\/div>\n<\/div>\n<div class=\"jss159\">\n<div>Temperatura de funcionamiento: -40\u00b0C ~ 55\u00b0C<\/div>\n<\/div>\n<div class=\"jss159\">\n<div>Material del contacto: Plata-Esta\u00f1o-\u00d3xido (AgSnO)<\/div>\n<\/div>\n<div class=\"jss159\">\n<div>Tipo de relevador: Prop\u00f3sito general<\/div>\n<\/div>\n<div class=\"jss159\">\n<div>Resistencia de bobina: 6.8 kOhms<\/div>\n<\/div>\n<div class=\"jss159\"><\/div>\n<p>&nbsp;<\/p>\n<p>Las im\u00e1genes y especificaciones, mostrados o contenidos en esta Web pueden estar sujetas a cambios.<\/p>\n","protected":false},"excerpt":{"rendered":"<h5><span style=\"color: #3366ff;\">C\u00f3digo IPS: 540042<\/span><\/h5>\n<p>Modelo: RCI002A240V<\/p>\n<p>&nbsp;<\/p>\n","protected":false},"featured_media":8257,"template":"","meta":{"_joinchat":[]},"product_brand":[],"product_cat":[578,576],"product_tag":[322,416,418],"class_list":{"0":"post-7188","1":"product","2":"type-product","3":"status-publish","4":"has-post-thumbnail","6":"product_cat-carlo-gavazzi","7":"product_cat-rele-electromecanico","8":"product_tag-carlo-gavazzi","9":"product_tag-reles","10":"product_tag-reles-carlo-gavazzi","12":"first","13":"instock","14":"taxable","15":"shipping-taxable","16":"product-type-simple"},"_links":{"self":[{"href":"https:\/\/ipselectronica.cl\/web\/wp-json\/wp\/v2\/product\/7188","targetHints":{"allow":["GET"]}}],"collection":[{"href":"https:\/\/ipselectronica.cl\/web\/wp-json\/wp\/v2\/product"}],"about":[{"href":"https:\/\/ipselectronica.cl\/web\/wp-json\/wp\/v2\/types\/product"}],"wp:featuredmedia":[{"embeddable":true,"href":"https:\/\/ipselectronica.cl\/web\/wp-json\/wp\/v2\/media\/8257"}],"wp:attachment":[{"href":"https:\/\/ipselectronica.cl\/web\/wp-json\/wp\/v2\/media?parent=7188"}],"wp:term":[{"taxonomy":"product_brand","embeddable":true,"href":"https:\/\/ipselectronica.cl\/web\/wp-json\/wp\/v2\/product_brand?post=7188"},{"taxonomy":"product_cat","embeddable":true,"href":"https:\/\/ipselectronica.cl\/web\/wp-json\/wp\/v2\/product_cat?post=7188"},{"taxonomy":"product_tag","embeddable":true,"href":"https:\/\/ipselectronica.cl\/web\/wp-json\/wp\/v2\/product_tag?post=7188"}],"curies":[{"name":"wp","href":"https:\/\/api.w.org\/{rel}","templated":true}]}}