{"id":7093,"date":"2021-11-10T20:28:33","date_gmt":"2021-11-10T23:28:33","guid":{"rendered":"https:\/\/ipselectronica.cl\/web\/producto\/prensa-estopa-plastica-12-15-mm-pg19\/"},"modified":"2022-06-06T13:36:50","modified_gmt":"2022-06-06T16:36:50","slug":"prensa-estopa-plastica-12-15-mm-pg19","status":"publish","type":"product","link":"https:\/\/ipselectronica.cl\/web\/producto\/prensa-estopa-plastica-12-15-mm-pg19\/","title":{"rendered":"Prensa Estopa Pl\u00e1stica PG19 (12-15mm)"},"content":{"rendered":"<p>Caracter\u00edsticas t\u00e9cnicas \u2022 Uso para entrada de conductores directo a caja o tablero, garantizando su fijaci\u00f3n. IP54, sello NBR T\u00b0 de trabajo: -40\u00b0C a +100\u00b0C.<\/p>\n<p>Marca Fenix<\/p>\n<p>Las im\u00e1genes y especificaciones, mostrados o contenidos en esta Web pueden estar sujetas a cambios.<\/p>\n","protected":false},"excerpt":{"rendered":"<p>C\u00f3digo IPS: 793190<\/p>\n","protected":false},"featured_media":7256,"template":"","meta":{"_joinchat":[]},"product_brand":[],"product_cat":[447],"product_tag":[449,507,315],"class_list":{"0":"post-7093","1":"product","2":"type-product","3":"status-publish","4":"has-post-thumbnail","6":"product_cat-accesorios-control-y-comando","7":"product_tag-accesorios-control-y-comando","8":"product_tag-accesorios-control-y-comando-fenix","9":"product_tag-fenix","11":"first","12":"instock","13":"taxable","14":"shipping-taxable","15":"product-type-simple"},"_links":{"self":[{"href":"https:\/\/ipselectronica.cl\/web\/wp-json\/wp\/v2\/product\/7093","targetHints":{"allow":["GET"]}}],"collection":[{"href":"https:\/\/ipselectronica.cl\/web\/wp-json\/wp\/v2\/product"}],"about":[{"href":"https:\/\/ipselectronica.cl\/web\/wp-json\/wp\/v2\/types\/product"}],"wp:featuredmedia":[{"embeddable":true,"href":"https:\/\/ipselectronica.cl\/web\/wp-json\/wp\/v2\/media\/7256"}],"wp:attachment":[{"href":"https:\/\/ipselectronica.cl\/web\/wp-json\/wp\/v2\/media?parent=7093"}],"wp:term":[{"taxonomy":"product_brand","embeddable":true,"href":"https:\/\/ipselectronica.cl\/web\/wp-json\/wp\/v2\/product_brand?post=7093"},{"taxonomy":"product_cat","embeddable":true,"href":"https:\/\/ipselectronica.cl\/web\/wp-json\/wp\/v2\/product_cat?post=7093"},{"taxonomy":"product_tag","embeddable":true,"href":"https:\/\/ipselectronica.cl\/web\/wp-json\/wp\/v2\/product_tag?post=7093"}],"curies":[{"name":"wp","href":"https:\/\/api.w.org\/{rel}","templated":true}]}}