{"id":7085,"date":"2021-11-10T20:28:32","date_gmt":"2021-11-10T23:28:32","guid":{"rendered":"https:\/\/ipselectronica.cl\/web\/producto\/espiral-plastico-10mm-x-10-mts\/"},"modified":"2022-08-26T10:48:15","modified_gmt":"2022-08-26T13:48:15","slug":"espiral-plastico-10mm-x-10-mts","status":"publish","type":"product","link":"https:\/\/ipselectronica.cl\/web\/producto\/espiral-plastico-10mm-x-10-mts\/","title":{"rendered":"Espiral Pl\u00e1stico Transparente 10mm X 10mts"},"content":{"rendered":"<p>Caracter\u00edsticas t\u00e9cnicas<\/p>\n<ul>\n<li>Material de fabricaci\u00f3n: Poliamida.<\/li>\n<li>Aplicaci\u00f3n: Como protecci\u00f3n de los conductores contra la abrasi\u00f3n, como aislaci\u00f3n suplementaria y para mejorar el ordenamiento del cableado.<\/li>\n<li>Instalaci\u00f3n: Asegure el inicio del espiral a los conductores con un amarra cable y luego enrolle el espiral alrededor del cableado en el sentido de las agujas de reloj.<\/li>\n<\/ul>\n<p>Marca Fenix<\/p>\n<p>Las im\u00e1genes y especificaciones, mostrados o contenidos en esta Web pueden estar sujetas a cambios.<\/p>\n","protected":false},"excerpt":{"rendered":"<p>C\u00f3digo IPS: 796100<\/p>\n","protected":false},"featured_media":7461,"template":"","meta":{"_joinchat":[]},"product_brand":[],"product_cat":[447],"product_tag":[449,507,315],"class_list":{"0":"post-7085","1":"product","2":"type-product","3":"status-publish","4":"has-post-thumbnail","6":"product_cat-accesorios-control-y-comando","7":"product_tag-accesorios-control-y-comando","8":"product_tag-accesorios-control-y-comando-fenix","9":"product_tag-fenix","11":"first","12":"instock","13":"taxable","14":"shipping-taxable","15":"product-type-simple"},"_links":{"self":[{"href":"https:\/\/ipselectronica.cl\/web\/wp-json\/wp\/v2\/product\/7085","targetHints":{"allow":["GET"]}}],"collection":[{"href":"https:\/\/ipselectronica.cl\/web\/wp-json\/wp\/v2\/product"}],"about":[{"href":"https:\/\/ipselectronica.cl\/web\/wp-json\/wp\/v2\/types\/product"}],"wp:featuredmedia":[{"embeddable":true,"href":"https:\/\/ipselectronica.cl\/web\/wp-json\/wp\/v2\/media\/7461"}],"wp:attachment":[{"href":"https:\/\/ipselectronica.cl\/web\/wp-json\/wp\/v2\/media?parent=7085"}],"wp:term":[{"taxonomy":"product_brand","embeddable":true,"href":"https:\/\/ipselectronica.cl\/web\/wp-json\/wp\/v2\/product_brand?post=7085"},{"taxonomy":"product_cat","embeddable":true,"href":"https:\/\/ipselectronica.cl\/web\/wp-json\/wp\/v2\/product_cat?post=7085"},{"taxonomy":"product_tag","embeddable":true,"href":"https:\/\/ipselectronica.cl\/web\/wp-json\/wp\/v2\/product_tag?post=7085"}],"curies":[{"name":"wp","href":"https:\/\/api.w.org\/{rel}","templated":true}]}}