{"id":7070,"date":"2021-11-10T20:28:31","date_gmt":"2021-11-10T23:28:31","guid":{"rendered":"https:\/\/ipselectronica.cl\/web\/producto\/amarras-plast-250-x-36mm-blancas\/"},"modified":"2023-09-04T11:35:04","modified_gmt":"2023-09-04T14:35:04","slug":"amarras-plast-250-x-36mm-blancas","status":"publish","type":"product","link":"https:\/\/ipselectronica.cl\/web\/producto\/amarras-plast-250-x-36mm-blancas\/","title":{"rendered":"Amarras Pl\u00e1sticas 250 x 3,6mm Blancas (100 Unidades)"},"content":{"rendered":"<p>Caracter\u00edsticas t\u00e9cnicas \u2022 Material: Poliamida 66. \u2022 Rango de temperatura de trabajo: 40\u00b0C +90\u00b0C. \u2022 Certificaci\u00f3n UL94 (Clasificaci\u00f3n V2). \u2022 Autoextinguible.<\/p>\n<p>Marca Fenix<\/p>\n<p>Las im\u00e1genes y especificaciones, mostrados o contenidos en esta Web pueden estar sujetas a cambios.<\/p>\n","protected":false},"excerpt":{"rendered":"<p><strong><span style=\"color: #3366ff;\">C\u00f3digo IPS: 780322<\/span><\/strong><\/p>\n<p>&nbsp;<\/p>\n","protected":false},"featured_media":7442,"template":"","meta":{"_joinchat":[]},"product_brand":[],"product_cat":[447],"product_tag":[449,507,315],"class_list":{"0":"post-7070","1":"product","2":"type-product","3":"status-publish","4":"has-post-thumbnail","6":"product_cat-accesorios-control-y-comando","7":"product_tag-accesorios-control-y-comando","8":"product_tag-accesorios-control-y-comando-fenix","9":"product_tag-fenix","11":"first","12":"instock","13":"taxable","14":"shipping-taxable","15":"product-type-simple"},"_links":{"self":[{"href":"https:\/\/ipselectronica.cl\/web\/wp-json\/wp\/v2\/product\/7070","targetHints":{"allow":["GET"]}}],"collection":[{"href":"https:\/\/ipselectronica.cl\/web\/wp-json\/wp\/v2\/product"}],"about":[{"href":"https:\/\/ipselectronica.cl\/web\/wp-json\/wp\/v2\/types\/product"}],"wp:featuredmedia":[{"embeddable":true,"href":"https:\/\/ipselectronica.cl\/web\/wp-json\/wp\/v2\/media\/7442"}],"wp:attachment":[{"href":"https:\/\/ipselectronica.cl\/web\/wp-json\/wp\/v2\/media?parent=7070"}],"wp:term":[{"taxonomy":"product_brand","embeddable":true,"href":"https:\/\/ipselectronica.cl\/web\/wp-json\/wp\/v2\/product_brand?post=7070"},{"taxonomy":"product_cat","embeddable":true,"href":"https:\/\/ipselectronica.cl\/web\/wp-json\/wp\/v2\/product_cat?post=7070"},{"taxonomy":"product_tag","embeddable":true,"href":"https:\/\/ipselectronica.cl\/web\/wp-json\/wp\/v2\/product_tag?post=7070"}],"curies":[{"name":"wp","href":"https:\/\/api.w.org\/{rel}","templated":true}]}}