{"id":6950,"date":"2021-11-10T20:27:50","date_gmt":"2021-11-10T23:27:50","guid":{"rendered":"https:\/\/ipselectronica.cl\/web\/producto\/rele-termico-tamano-s00-rango-14-2-a-3ru2116-1bb0\/"},"modified":"2024-05-20T11:18:16","modified_gmt":"2024-05-20T14:18:16","slug":"rele-termico-tamano-s00-rango-14-2-a-3ru2116-1bb0","status":"publish","type":"product","link":"https:\/\/ipselectronica.cl\/web\/producto\/rele-termico-tamano-s00-rango-14-2-a-3ru2116-1bb0\/","title":{"rendered":"Rel\u00e9 T\u00e9rmico tama\u00f1o S00  rango 1,4 &#8211; 2 A. 3RU2116-1BB0"},"content":{"rendered":"<p><label id=\"param_2\">Fabricante:\u00a0<\/label>SIEMENS<\/p>\n<p><label id=\"param_920\">Tipo de accesorios para contactores:\u00a0<\/label>rel\u00e9 t\u00e9rmico<\/p>\n<p><label id=\"param_918\">Serie de contactores:\u00a0<\/label>3RT20<\/p>\n<p><label id=\"param_1308\">Medida:\u00a0<\/label>S00<\/p>\n<p><label id=\"param_919\">Contactos auxiliares integrados:\u00a0<\/label>NC, \u00a0NO<\/p>\n<p><label id=\"param_117\">Salida:\u00a0<\/label>agarres de tornillo<\/p>\n<p><label id=\"param_1778\">Campo de ajustes de disparador de cortocircuito:\u00a0<\/label>1.4&#8230;2A<\/p>\n<p><label id=\"param_32\">Temperatura de trabajo:\u00a0<\/label>-40&#8230;70\u00b0C<\/p>\n<p><label id=\"param_940\">Potencia conectada:\u00a0<\/label>0.75kW<\/p>\n<p><label id=\"param_1779\">Disparador de cortocircuito:\u00a0<\/label>6A<\/p>\n<p>&nbsp;<\/p>\n<p>&nbsp;<\/p>\n<p>Las im\u00e1genes y especificaciones, mostrados o contenidos en esta Web pueden estar sujetas a cambios.<\/p>\n","protected":false},"excerpt":{"rendered":"<p>C\u00f3digo IPS: 120044<\/p>\n<p>Modelo: 3RU2116-1BB0<\/p>\n","protected":false},"featured_media":8159,"template":"","meta":{"_joinchat":[]},"product_brand":[],"product_cat":[489,586],"product_tag":[490,491,486],"class_list":{"0":"post-6950","1":"product","2":"type-product","3":"status-publish","4":"has-post-thumbnail","6":"product_cat-rele-termico","7":"product_cat-siemens","8":"product_tag-rele-termico","9":"product_tag-rele-termico-siemens","10":"product_tag-siemens","12":"first","13":"instock","14":"taxable","15":"shipping-taxable","16":"product-type-simple"},"_links":{"self":[{"href":"https:\/\/ipselectronica.cl\/web\/wp-json\/wp\/v2\/product\/6950","targetHints":{"allow":["GET"]}}],"collection":[{"href":"https:\/\/ipselectronica.cl\/web\/wp-json\/wp\/v2\/product"}],"about":[{"href":"https:\/\/ipselectronica.cl\/web\/wp-json\/wp\/v2\/types\/product"}],"wp:featuredmedia":[{"embeddable":true,"href":"https:\/\/ipselectronica.cl\/web\/wp-json\/wp\/v2\/media\/8159"}],"wp:attachment":[{"href":"https:\/\/ipselectronica.cl\/web\/wp-json\/wp\/v2\/media?parent=6950"}],"wp:term":[{"taxonomy":"product_brand","embeddable":true,"href":"https:\/\/ipselectronica.cl\/web\/wp-json\/wp\/v2\/product_brand?post=6950"},{"taxonomy":"product_cat","embeddable":true,"href":"https:\/\/ipselectronica.cl\/web\/wp-json\/wp\/v2\/product_cat?post=6950"},{"taxonomy":"product_tag","embeddable":true,"href":"https:\/\/ipselectronica.cl\/web\/wp-json\/wp\/v2\/product_tag?post=6950"}],"curies":[{"name":"wp","href":"https:\/\/api.w.org\/{rel}","templated":true}]}}