{"id":6942,"date":"2021-11-10T20:27:48","date_gmt":"2021-11-10T23:27:48","guid":{"rendered":"https:\/\/ipselectronica.cl\/web\/producto\/rele-termico-tamano-s00-rango-022-032-a-3ru2116-0db0\/"},"modified":"2024-05-17T19:16:40","modified_gmt":"2024-05-17T22:16:40","slug":"rele-termico-tamano-s00-rango-022-032-a-3ru2116-0db0","status":"publish","type":"product","link":"https:\/\/ipselectronica.cl\/web\/producto\/rele-termico-tamano-s00-rango-022-032-a-3ru2116-0db0\/","title":{"rendered":"Rel\u00e9 T\u00e9rmico tama\u00f1o S00  rango 0,22 &#8211; 0,32 A. 3RU2116-0DB0"},"content":{"rendered":"<div class=\"sc-dnqmqq bXVrbq\">\n<h4 class=\"Box-sc-1a4tiu7-0 cviPht\" data-testid=\"specifications-title\">Especificaciones<\/h4>\n<\/div>\n<table class=\"sc-gqjmRU dvSZoQ\" data-testid=\"specification-attributes\">\n<thead>\n<tr>\n<td><\/td>\n<td><\/td>\n<\/tr>\n<\/thead>\n<tbody>\n<tr>\n<td data-testid=\"specification-attributes-key\">Corriente del Motor a Plena Carga<\/td>\n<td data-testid=\"specification-attributes-value\">0,22 \u2192 0,32 A<\/td>\n<\/tr>\n<tr>\n<td data-testid=\"specification-attributes-key\">Corriente Nominal de los Contactos<\/td>\n<td data-testid=\"specification-attributes-value\">320 mA<\/td>\n<\/tr>\n<tr>\n<td data-testid=\"specification-attributes-key\">Rango<\/td>\n<td data-testid=\"specification-attributes-value\">Sirius Innovation<\/td>\n<\/tr>\n<tr>\n<td data-testid=\"specification-attributes-key\">Configuraci\u00f3n de los Polos<\/td>\n<td data-testid=\"specification-attributes-value\">Tripolar<\/td>\n<\/tr>\n<tr>\n<td data-testid=\"specification-attributes-key\">Serie<\/td>\n<td data-testid=\"specification-attributes-value\">3RU<\/td>\n<\/tr>\n<tr>\n<td data-testid=\"specification-attributes-key\">Estilo de Montaje<\/td>\n<td data-testid=\"specification-attributes-value\">Contactor directo<\/td>\n<\/tr>\n<tr>\n<td data-testid=\"specification-attributes-key\">Potencia Nominal<\/td>\n<td data-testid=\"specification-attributes-value\">90 W<\/td>\n<\/tr>\n<tr>\n<td data-testid=\"specification-attributes-key\">Configuraci\u00f3n Normal del Estado<\/td>\n<td data-testid=\"specification-attributes-value\">1 NA + 1 NC<\/td>\n<\/tr>\n<tr>\n<td data-testid=\"specification-attributes-key\">M\u00e9todo de Reinicio<\/td>\n<td data-testid=\"specification-attributes-value\">Autom\u00e1tico, manual<\/td>\n<\/tr>\n<tr>\n<td data-testid=\"specification-attributes-key\">Tipo de Terminal<\/td>\n<td data-testid=\"specification-attributes-value\">Tornillo<\/td>\n<\/tr>\n<tr>\n<td data-testid=\"specification-attributes-key\">Anchura<\/td>\n<td data-testid=\"specification-attributes-value\">45mm<\/td>\n<\/tr>\n<tr>\n<td data-testid=\"specification-attributes-key\">N\u00famero de Contactos Auxiliares<\/td>\n<td data-testid=\"specification-attributes-value\">2<\/td>\n<\/tr>\n<tr>\n<td data-testid=\"specification-attributes-key\">Profundidad<\/td>\n<td data-testid=\"specification-attributes-value\">73mm<\/td>\n<\/tr>\n<tr>\n<td data-testid=\"specification-attributes-key\">Longitud<\/td>\n<td data-testid=\"specification-attributes-value\">87mm<\/td>\n<\/tr>\n<tr>\n<td data-testid=\"specification-attributes-key\">Temperatura de Funcionamiento M\u00ednima<\/td>\n<td data-testid=\"specification-attributes-value\">-40\u00b0C<\/td>\n<\/tr>\n<tr>\n<td data-testid=\"specification-attributes-key\">Temperatura de Funcionamiento M\u00e1xima<\/td>\n<td data-testid=\"specification-attributes-value\">+70\u00b0C<\/td>\n<\/tr>\n<tr>\n<td data-testid=\"specification-attributes-key\">Rango de Temperatura de Funcionamiento<\/td>\n<td data-testid=\"specification-attributes-value\">-40 \u2192 +70 \u00b0C<\/td>\n<\/tr>\n<tr>\n<td data-testid=\"specification-attributes-key\">Tensi\u00f3n Nominal de los Contactos<\/td>\n<td data-testid=\"specification-attributes-value\">690 Vac<\/td>\n<\/tr>\n<\/tbody>\n<\/table>\n<p>Las im\u00e1genes y especificaciones, mostrados o contenidos en esta Web pueden estar sujetas a cambios.<\/p>\n","protected":false},"excerpt":{"rendered":"<p>C\u00f3digo IPS: 120034<\/p>\n<p>Modelo: 3RU2116-0DB0<\/p>\n","protected":false},"featured_media":8188,"template":"","meta":{"_joinchat":[]},"product_brand":[],"product_cat":[489,586],"product_tag":[490,491,486],"class_list":{"0":"post-6942","1":"product","2":"type-product","3":"status-publish","4":"has-post-thumbnail","6":"product_cat-rele-termico","7":"product_cat-siemens","8":"product_tag-rele-termico","9":"product_tag-rele-termico-siemens","10":"product_tag-siemens","12":"first","13":"instock","14":"taxable","15":"shipping-taxable","16":"product-type-simple"},"_links":{"self":[{"href":"https:\/\/ipselectronica.cl\/web\/wp-json\/wp\/v2\/product\/6942","targetHints":{"allow":["GET"]}}],"collection":[{"href":"https:\/\/ipselectronica.cl\/web\/wp-json\/wp\/v2\/product"}],"about":[{"href":"https:\/\/ipselectronica.cl\/web\/wp-json\/wp\/v2\/types\/product"}],"wp:featuredmedia":[{"embeddable":true,"href":"https:\/\/ipselectronica.cl\/web\/wp-json\/wp\/v2\/media\/8188"}],"wp:attachment":[{"href":"https:\/\/ipselectronica.cl\/web\/wp-json\/wp\/v2\/media?parent=6942"}],"wp:term":[{"taxonomy":"product_brand","embeddable":true,"href":"https:\/\/ipselectronica.cl\/web\/wp-json\/wp\/v2\/product_brand?post=6942"},{"taxonomy":"product_cat","embeddable":true,"href":"https:\/\/ipselectronica.cl\/web\/wp-json\/wp\/v2\/product_cat?post=6942"},{"taxonomy":"product_tag","embeddable":true,"href":"https:\/\/ipselectronica.cl\/web\/wp-json\/wp\/v2\/product_tag?post=6942"}],"curies":[{"name":"wp","href":"https:\/\/api.w.org\/{rel}","templated":true}]}}