{"id":6807,"date":"2021-11-10T20:27:24","date_gmt":"2021-11-10T23:27:24","guid":{"rendered":"https:\/\/ipselectronica.cl\/web\/producto\/baliza-giratoria-rojo-220v\/"},"modified":"2025-10-23T14:38:28","modified_gmt":"2025-10-23T17:38:28","slug":"baliza-giratoria-rojo-220v","status":"publish","type":"product","link":"https:\/\/ipselectronica.cl\/web\/producto\/baliza-giratoria-rojo-220v\/","title":{"rendered":"Baliza Roja Multi con Sonido 12-24V \/ 220VAC"},"content":{"rendered":"<p><strong>\u2022 Alto brillo<\/strong><\/p>\n<p><strong>\u2022 Trabajando: Modo multifuncional &#8211; Con o sin Sonido, Baliza Giratoria &#8211; Fija o Destellante<\/strong><\/p>\n<p><strong>\u2022 Base: Tipo tornillo<\/strong><\/p>\n<p><strong>\u2022 Materiales principales: portal\u00e1mparas-ABS, pantalla de l\u00e1mpara-PC<\/strong><\/p>\n<p><strong>\u2022 Certificaci\u00f3n: CE<\/strong><\/p>\n<p><strong>\u2022 Grado de protecci\u00f3n: IP44<\/strong><\/p>\n<p><strong>\u2022 Opciones de voltaje: 220 VAC \/ 12-24 V AC\/DC<\/strong><\/p>\n<p><strong>\u2022 Alcance de uso: Equipos mec\u00e1nicos peque\u00f1os, L\u00ednea de montaje automatizada, Exterior, etc.<\/strong><\/p>\n<p>&nbsp;<\/p>\n<p>&nbsp;<\/p>\n<p>Las im\u00e1genes y especificaciones, mostrados o contenidos en esta Web pueden estar sujetas a cambios.<\/p>\n","protected":false},"excerpt":{"rendered":"<h5><span style=\"color: #3366ff;\">C\u00f3digo IPS: 870028<\/span><\/h5>\n<p>&nbsp;<\/p>\n","protected":false},"featured_media":13952,"template":"","meta":{"_joinchat":[]},"product_brand":[],"product_cat":[444],"product_tag":[445],"class_list":{"0":"post-6807","1":"product","2":"type-product","3":"status-publish","4":"has-post-thumbnail","6":"product_cat-balizas-sirenas","7":"product_tag-balizas-sirenas","9":"first","10":"instock","11":"taxable","12":"shipping-taxable","13":"product-type-simple"},"_links":{"self":[{"href":"https:\/\/ipselectronica.cl\/web\/wp-json\/wp\/v2\/product\/6807","targetHints":{"allow":["GET"]}}],"collection":[{"href":"https:\/\/ipselectronica.cl\/web\/wp-json\/wp\/v2\/product"}],"about":[{"href":"https:\/\/ipselectronica.cl\/web\/wp-json\/wp\/v2\/types\/product"}],"wp:featuredmedia":[{"embeddable":true,"href":"https:\/\/ipselectronica.cl\/web\/wp-json\/wp\/v2\/media\/13952"}],"wp:attachment":[{"href":"https:\/\/ipselectronica.cl\/web\/wp-json\/wp\/v2\/media?parent=6807"}],"wp:term":[{"taxonomy":"product_brand","embeddable":true,"href":"https:\/\/ipselectronica.cl\/web\/wp-json\/wp\/v2\/product_brand?post=6807"},{"taxonomy":"product_cat","embeddable":true,"href":"https:\/\/ipselectronica.cl\/web\/wp-json\/wp\/v2\/product_cat?post=6807"},{"taxonomy":"product_tag","embeddable":true,"href":"https:\/\/ipselectronica.cl\/web\/wp-json\/wp\/v2\/product_tag?post=6807"}],"curies":[{"name":"wp","href":"https:\/\/api.w.org\/{rel}","templated":true}]}}