{"id":6784,"date":"2021-11-10T20:27:19","date_gmt":"2021-11-10T23:27:19","guid":{"rendered":"https:\/\/ipselectronica.cl\/web\/producto\/fusible-ceramico-10x38mm-4a-500v\/"},"modified":"2022-06-20T11:39:57","modified_gmt":"2022-06-20T14:39:57","slug":"fusible-ceramico-10x38mm-4a-500v","status":"publish","type":"product","link":"https:\/\/ipselectronica.cl\/web\/producto\/fusible-ceramico-10x38mm-4a-500v\/","title":{"rendered":"Fusible Cer\u00e1mico 10x38mm gG 4A 500V"},"content":{"rendered":"<p><strong>Caracter\u00edsticas t\u00e9cnicas<\/strong><\/p>\n<p>\u2022 Tensi\u00f3n: 500V.<br \/>\n\u2022 Capacidad de ruptura: 100KA.<br \/>\n\u2022 Intensidad nominal: Desde 2 hasta 63A.<br \/>\n\u2022 Aplicaci\u00f3n: Protecci\u00f3n de sistemas de control y equipos el\u00e9ctricos.<br \/>\n\u2022 Conforme a las normas:<br \/>\n&#8211; IEC269-1\/IEC269-2<br \/>\n&#8211; IEC264-1\/IEC269-4<br \/>\n&#8211; GB13539.1 &#8211; GB13539.2 &#8211; GB13539.4.<\/p>\n<p>&nbsp;<\/p>\n<p>Las im\u00e1genes y especificaciones, mostrados o contenidos en esta Web pueden estar sujetas a cambios.<\/p>\n","protected":false},"excerpt":{"rendered":"<p>C\u00f3digo IPS: 554400<\/p>\n","protected":false},"featured_media":8996,"template":"","meta":{"_joinchat":[]},"product_brand":[],"product_cat":[440],"product_tag":[315,441,443],"class_list":{"0":"post-6784","1":"product","2":"type-product","3":"status-publish","4":"has-post-thumbnail","6":"product_cat-fusibles","7":"product_tag-fenix","8":"product_tag-fusibles","9":"product_tag-fusibles-fenix","11":"first","12":"instock","13":"taxable","14":"shipping-taxable","15":"product-type-simple"},"_links":{"self":[{"href":"https:\/\/ipselectronica.cl\/web\/wp-json\/wp\/v2\/product\/6784","targetHints":{"allow":["GET"]}}],"collection":[{"href":"https:\/\/ipselectronica.cl\/web\/wp-json\/wp\/v2\/product"}],"about":[{"href":"https:\/\/ipselectronica.cl\/web\/wp-json\/wp\/v2\/types\/product"}],"wp:featuredmedia":[{"embeddable":true,"href":"https:\/\/ipselectronica.cl\/web\/wp-json\/wp\/v2\/media\/8996"}],"wp:attachment":[{"href":"https:\/\/ipselectronica.cl\/web\/wp-json\/wp\/v2\/media?parent=6784"}],"wp:term":[{"taxonomy":"product_brand","embeddable":true,"href":"https:\/\/ipselectronica.cl\/web\/wp-json\/wp\/v2\/product_brand?post=6784"},{"taxonomy":"product_cat","embeddable":true,"href":"https:\/\/ipselectronica.cl\/web\/wp-json\/wp\/v2\/product_cat?post=6784"},{"taxonomy":"product_tag","embeddable":true,"href":"https:\/\/ipselectronica.cl\/web\/wp-json\/wp\/v2\/product_tag?post=6784"}],"curies":[{"name":"wp","href":"https:\/\/api.w.org\/{rel}","templated":true}]}}