{"id":6729,"date":"2021-11-10T20:27:09","date_gmt":"2021-11-10T23:27:09","guid":{"rendered":"https:\/\/ipselectronica.cl\/web\/producto\/rele-ultra-fino-bajo-consumo-6a-24vcc-34-51-7-024-0010\/"},"modified":"2024-06-03T15:09:10","modified_gmt":"2024-06-03T18:09:10","slug":"rele-ultra-fino-bajo-consumo-6a-24vcc-34-51-7-024-0010","status":"publish","type":"product","link":"https:\/\/ipselectronica.cl\/web\/producto\/rele-ultra-fino-bajo-consumo-6a-24vcc-34-51-7-024-0010\/","title":{"rendered":"Rel\u00e9 Ultra Fino 24VDC 6A SPDT, Bajo Consumo 34.51.7.024.0010"},"content":{"rendered":"<h4 class=\"card-component-module_title__bVV1D \"><strong>Especificaciones<\/strong><\/h4>\n<div class=\"product-detail-page-component_spec-list__r_evK \">\n<div class=\"product-detail-page-component_spec__2he5t\">\n<div class=\"single-data-product product\">\n<div class=\"title\">\n<ul>\n<li>Aislamiento bobina\/contactos: 6 kV<\/li>\n<li>Configuraci\u00f3n de contactos: 1 contacto, Contacto conmutado<\/li>\n<\/ul>\n<\/div>\n<\/div>\n<div class=\"single-data-product product\">\n<div class=\"title\">\n<ul>\n<li>Corriente nominal del contacto: 6 A<\/li>\n<\/ul>\n<\/div>\n<\/div>\n<div class=\"single-data-product product\">\n<div class=\"title\">\n<ul>\n<li>Descripci\u00f3n comercial: Rel\u00e9 electromec\u00e1nico para circuito impreso ultra delgado con 1 contacto &#8211; 6 A y bobina de bajo consumo. Montaje en CI o en z\u00f3calo para carril de la Serie 93.<\/li>\n<\/ul>\n<\/div>\n<\/div>\n<div class=\"single-data-product product\">\n<div class=\"title\">\n<ul>\n<li>Descripci\u00f3n t\u00e9cnica: Rel\u00e9 para circuito impreso 6 A, Rel\u00e9 electromec\u00e1nico (EMR), 1 contacto, Contacto conmutado, 6 A, AgNi, Bobina DC sensible, 24 V, funcionamiento &#8211; de 16.8 a 36 V, potencia nominal 0.17 W, resistencia 3350 \u03a9, absorbida 7.1 mA, tensi\u00f3n de mantenimiento 9.6 V, tensi\u00f3n de desconexi\u00f3n 1.2 V, variantes: Estanco al flux (RT II), temperatura ambiente de -40 a +85 \u00b0C<\/li>\n<\/ul>\n<\/div>\n<\/div>\n<div class=\"single-data-product product\">\n<div class=\"title\">\n<ul>\n<li>Dimensiones: 5x15x28 mm<\/li>\n<\/ul>\n<\/div>\n<\/div>\n<div class=\"single-data-product product\">\n<div class=\"title\">\n<ul>\n<li>Temperatura ambiente: -40&#8230;85 \u00b0C<\/li>\n<\/ul>\n<\/div>\n<\/div>\n<div class=\"single-data-product product\">\n<div class=\"title\">\n<ul>\n<li>Tensi\u00f3n nominal de alimentaci\u00f3n dc: 24 V<\/li>\n<\/ul>\n<\/div>\n<\/div>\n<div class=\"single-data-product product\">\n<div class=\"title\">\n<ul>\n<li>Tensi\u00f3n nominal de contactos: 250 V AC<\/li>\n<\/ul>\n<\/div>\n<\/div>\n<div class=\"single-data-product product\">\n<div class=\"title\">\n<ul>\n<li>Tipo de alimentaci\u00f3n: Bobina DC sensible<\/li>\n<\/ul>\n<\/div>\n<\/div>\n<div class=\"single-data-product product\">\n<div class=\"title\">\n<ul>\n<li>Vida \u00fatil el\u00e9ctrica: 60000 cycles<\/li>\n<\/ul>\n<\/div>\n<\/div>\n<div class=\"single-data-product product\">\n<div class=\"title\">\n<div>\n<div class=\"title\">\n<ul>\n<li>Homologaciones\/certificaciones (seg\u00fan tipo)<\/li>\n<\/ul>\n<div><\/div>\n<\/div>\n<div class=\"data\">\n<div><img decoding=\"async\" class=\"\" src=\"https:\/\/cdn.findernet.com\/app\/uploads\/2020\/04\/15130944\/EAC-1.png\" alt=\"img\" width=\"47\" height=\"40\" \/>\u00a0 \u00a0<img decoding=\"async\" class=\"\" src=\"https:\/\/cdn.findernet.com\/app\/uploads\/2020\/04\/15131310\/cRUus.png\" alt=\"img\" width=\"97\" height=\"42\" \/> \u00a0<img decoding=\"async\" class=\"\" src=\"https:\/\/cdn.findernet.com\/app\/uploads\/2020\/07\/09154341\/RINA.png\" alt=\"img\" width=\"116\" height=\"34\" \/> <img loading=\"lazy\" decoding=\"async\" class=\"\" src=\"https:\/\/cdn.findernet.com\/app\/uploads\/2020\/04\/15125644\/VDE.png\" alt=\"img\" width=\"40\" height=\"40\" \/> \u00a0<img loading=\"lazy\" decoding=\"async\" class=\"\" src=\"https:\/\/cdn.findernet.com\/app\/uploads\/2020\/04\/15125839\/CCC-1.png\" alt=\"img\" width=\"50\" height=\"40\" \/><\/div>\n<\/div>\n<\/div>\n<\/div>\n<\/div>\n<\/div>\n<div class=\"product-detail-page-component_spec__2he5t\">\n<p>&nbsp;<\/p>\n<\/div>\n<\/div>\n<p>Las im\u00e1genes y especificaciones, mostrados o contenidos en esta Web pueden estar sujetas a cambios.<\/p>\n","protected":false},"excerpt":{"rendered":"<p><span style=\"color: #3366ff;\"><strong>C\u00f3digo IPS: 540151<\/strong><\/span><\/p>\n<p>Modelo: 34.51.7.024.0010<\/p>\n","protected":false},"featured_media":11487,"template":"","meta":{"_joinchat":[]},"product_brand":[],"product_cat":[577,576,589],"product_tag":[422,416,423],"class_list":{"0":"post-6729","1":"product","2":"type-product","3":"status-publish","4":"has-post-thumbnail","6":"product_cat-finder","7":"product_cat-rele-electromecanico","8":"product_cat-finder-serie-34","9":"product_tag-finder","10":"product_tag-reles","11":"product_tag-reles-finder","13":"first","14":"instock","15":"taxable","16":"shipping-taxable","17":"product-type-simple"},"_links":{"self":[{"href":"https:\/\/ipselectronica.cl\/web\/wp-json\/wp\/v2\/product\/6729","targetHints":{"allow":["GET"]}}],"collection":[{"href":"https:\/\/ipselectronica.cl\/web\/wp-json\/wp\/v2\/product"}],"about":[{"href":"https:\/\/ipselectronica.cl\/web\/wp-json\/wp\/v2\/types\/product"}],"wp:featuredmedia":[{"embeddable":true,"href":"https:\/\/ipselectronica.cl\/web\/wp-json\/wp\/v2\/media\/11487"}],"wp:attachment":[{"href":"https:\/\/ipselectronica.cl\/web\/wp-json\/wp\/v2\/media?parent=6729"}],"wp:term":[{"taxonomy":"product_brand","embeddable":true,"href":"https:\/\/ipselectronica.cl\/web\/wp-json\/wp\/v2\/product_brand?post=6729"},{"taxonomy":"product_cat","embeddable":true,"href":"https:\/\/ipselectronica.cl\/web\/wp-json\/wp\/v2\/product_cat?post=6729"},{"taxonomy":"product_tag","embeddable":true,"href":"https:\/\/ipselectronica.cl\/web\/wp-json\/wp\/v2\/product_tag?post=6729"}],"curies":[{"name":"wp","href":"https:\/\/api.w.org\/{rel}","templated":true}]}}