{"id":6728,"date":"2021-11-10T20:27:09","date_gmt":"2021-11-10T23:27:09","guid":{"rendered":"https:\/\/ipselectronica.cl\/web\/producto\/base-riel-din-p-serie-3911-93-61-8-230\/"},"modified":"2024-07-01T13:01:09","modified_gmt":"2024-07-01T16:01:09","slug":"base-riel-din-p-serie-3911-93-61-8-230","status":"publish","type":"product","link":"https:\/\/ipselectronica.cl\/web\/producto\/base-riel-din-p-serie-3911-93-61-8-230\/","title":{"rendered":"Base Rel\u00e9 Riel DIN para Serie 34  93.61.8.230"},"content":{"rendered":"<div class=\"style__StyledAccordionHead-sc-1ynl7qw-1 dcDHPU accordion-head\">\n<h4 class=\"style__StyledDetailsIntroHead-sc-1uymmov-9 dlDpqd\"><strong>Especificaciones<\/strong><\/h4>\n<\/div>\n<div class=\"style__StyledAccordionBody-sc-1ynl7qw-4 mMDbi\">\n<div class=\"style__StyledAccordionBodyContent-sc-1ynl7qw-5 accordion-body\">\n<div class=\"style__StyledDetailsIntroContent-sc-1uymmov-8 fqvqnV\">\n<div class=\"single-data-product product\">\n<div class=\"title\">\n<ul>\n<li>Descripci\u00f3n comercial: Z\u00f3calo MasterBASIC con bornes de tornillo para montaje en carril de 35 mm (EN 60715) para rel\u00e9s de la serie 34. Dependiendo del tipo, combinaci\u00f3n con rel\u00e9 electromec\u00e1nico o de estado s\u00f3lido.<\/li>\n<\/ul>\n<\/div>\n<\/div>\n<div class=\"single-data-product product\">\n<div class=\"title\">\n<ul>\n<li>Descripci\u00f3n t\u00e9cnica: Z\u00f3calo con bornes de jaula montaje en carril de 35 mm (EN 60715)<\/li>\n<\/ul>\n<\/div>\n<\/div>\n<div class=\"single-data-product product\">\n<div class=\"title\">\n<ul>\n<li>Dimensiones: 6.2x87x87.2 mm<\/li>\n<\/ul>\n<\/div>\n<\/div>\n<div class=\"single-data-product product\">\n<div class=\"title\">\n<ul>\n<li>Temperatura ambiente: -40&#8230;70 \u00b0C<\/li>\n<\/ul>\n<\/div>\n<\/div>\n<div class=\"single-data-product data-homologations homologations-image\">\n<div class=\"title\">\n<ul>\n<li>Homologaciones\/certificaciones (seg\u00fan tipo)<\/li>\n<\/ul>\n<\/div>\n<\/div>\n<\/div>\n<\/div>\n<\/div>\n<div><\/div>\n<div><\/div>\n<div class=\"style__StyledAccordionBody-sc-1ynl7qw-4 mMDbi\">\n<div class=\"style__StyledAccordionBodyContent-sc-1ynl7qw-5 accordion-body\">\n<div class=\"style__StyledDetailsIntroContent-sc-1uymmov-8 fqvqnV\">\n<div class=\"single-data-product data-homologations homologations-image\">\n<div class=\"data\">\n<div><img decoding=\"async\" class=\"\" src=\"https:\/\/cdn.findernet.com\/app\/uploads\/2020\/04\/15124621\/CE-2.png\" alt=\"img\" width=\"51\" height=\"37\" \/> \u00a0<img decoding=\"async\" class=\"\" src=\"https:\/\/cdn.findernet.com\/app\/uploads\/2020\/04\/15124841\/IMQ-grande.png\" alt=\"img\" width=\"33\" height=\"37\" \/> \u00a0<img decoding=\"async\" class=\"\" src=\"https:\/\/cdn.findernet.com\/app\/uploads\/2020\/04\/15130944\/EAC-1.png\" alt=\"img\" width=\"43\" height=\"37\" \/> \u00a0<img loading=\"lazy\" decoding=\"async\" class=\"\" src=\"https:\/\/cdn.findernet.com\/app\/uploads\/2020\/04\/15123532\/CSA.png\" alt=\"img\" width=\"33\" height=\"38\" \/> \u00a0<img loading=\"lazy\" decoding=\"async\" class=\"\" src=\"https:\/\/cdn.findernet.com\/app\/uploads\/2020\/04\/15131310\/cRUus.png\" alt=\"img\" width=\"85\" height=\"37\" \/> \u00a0<img loading=\"lazy\" decoding=\"async\" class=\"\" src=\"https:\/\/cdn.findernet.com\/app\/uploads\/2020\/07\/09154341\/RINA.png\" alt=\"img\" width=\"126\" height=\"37\" \/> <img loading=\"lazy\" decoding=\"async\" class=\"\" src=\"https:\/\/cdn.findernet.com\/app\/uploads\/ukca-logo.png\" alt=\"img\" width=\"38\" height=\"38\" \/><\/div>\n<\/div>\n<\/div>\n<p>&nbsp;<\/p>\n<\/div>\n<\/div>\n<\/div>\n<p>Las im\u00e1genes y especificaciones, mostrados o contenidos en esta Web pueden estar sujetas a cambios.<\/p>\n","protected":false},"excerpt":{"rendered":"<p><span style=\"color: #3366ff;\"><strong>C\u00f3digo IPS: 549181<\/strong><\/span><\/p>\n<p>Modelo: 93.61.8.230<\/p>\n<p>&nbsp;<\/p>\n","protected":false},"featured_media":11565,"template":"","meta":{"_joinchat":[]},"product_brand":[],"product_cat":[580,576],"product_tag":[422,416,423],"class_list":{"0":"post-6728","1":"product","2":"type-product","3":"status-publish","4":"has-post-thumbnail","6":"product_cat-base-accesorios","7":"product_cat-rele-electromecanico","8":"product_tag-finder","9":"product_tag-reles","10":"product_tag-reles-finder","12":"first","13":"instock","14":"taxable","15":"shipping-taxable","16":"product-type-simple"},"_links":{"self":[{"href":"https:\/\/ipselectronica.cl\/web\/wp-json\/wp\/v2\/product\/6728","targetHints":{"allow":["GET"]}}],"collection":[{"href":"https:\/\/ipselectronica.cl\/web\/wp-json\/wp\/v2\/product"}],"about":[{"href":"https:\/\/ipselectronica.cl\/web\/wp-json\/wp\/v2\/types\/product"}],"wp:featuredmedia":[{"embeddable":true,"href":"https:\/\/ipselectronica.cl\/web\/wp-json\/wp\/v2\/media\/11565"}],"wp:attachment":[{"href":"https:\/\/ipselectronica.cl\/web\/wp-json\/wp\/v2\/media?parent=6728"}],"wp:term":[{"taxonomy":"product_brand","embeddable":true,"href":"https:\/\/ipselectronica.cl\/web\/wp-json\/wp\/v2\/product_brand?post=6728"},{"taxonomy":"product_cat","embeddable":true,"href":"https:\/\/ipselectronica.cl\/web\/wp-json\/wp\/v2\/product_cat?post=6728"},{"taxonomy":"product_tag","embeddable":true,"href":"https:\/\/ipselectronica.cl\/web\/wp-json\/wp\/v2\/product_tag?post=6728"}],"curies":[{"name":"wp","href":"https:\/\/api.w.org\/{rel}","templated":true}]}}