{"id":6727,"date":"2021-11-10T20:27:08","date_gmt":"2021-11-10T23:27:08","guid":{"rendered":"https:\/\/ipselectronica.cl\/web\/producto\/rele-ultra-fino-bajo-consumo-6a-60vcc-34-51-7-060-0010\/"},"modified":"2024-06-03T15:06:51","modified_gmt":"2024-06-03T18:06:51","slug":"rele-ultra-fino-bajo-consumo-6a-60vcc-34-51-7-060-0010","status":"publish","type":"product","link":"https:\/\/ipselectronica.cl\/web\/producto\/rele-ultra-fino-bajo-consumo-6a-60vcc-34-51-7-060-0010\/","title":{"rendered":"Rel\u00e9 Ultra Fino 60VDC (220VAC) 6A bajo consumo 34.51.7.060.0010"},"content":{"rendered":"<div class=\"sc-dnqmqq bXVrbq\">\n<h2 class=\"Box-sc-1a4tiu7-0 cviPht\" data-testid=\"specifications-title\">Especificaciones<\/h2>\n<div class=\"single-data-product product\">\n<div class=\"title\">\n<ul>\n<li>Aislamiento bobina\/contactos: 6 kV<\/li>\n<\/ul>\n<\/div>\n<\/div>\n<div class=\"single-data-product product\">\n<div class=\"title\">\n<ul>\n<li>Campo de funcionamiento dc: 42&#8230;90 V<\/li>\n<\/ul>\n<\/div>\n<\/div>\n<div class=\"single-data-product product\">\n<div class=\"title\">\n<ul>\n<li>Configuraci\u00f3n de contactos: 1 contacto, Contacto conmutado<\/li>\n<\/ul>\n<\/div>\n<\/div>\n<div class=\"single-data-product product\">\n<div class=\"title\">\n<ul>\n<li>Corriente nominal del contacto: 6 A<\/li>\n<\/ul>\n<\/div>\n<\/div>\n<div class=\"single-data-product product\">\n<div class=\"title\">\n<ul>\n<li>Descripci\u00f3n comercial: Rel\u00e9 electromec\u00e1nico para circuito impreso ultra delgado con 1 contacto &#8211; 6 A y bobina de bajo consumo. Montaje en CI o en z\u00f3calo para carril de la Serie 93.<\/li>\n<\/ul>\n<\/div>\n<\/div>\n<div class=\"single-data-product product\">\n<div class=\"title\">\n<ul>\n<li>Descripci\u00f3n t\u00e9cnica: Rel\u00e9 para circuito impreso 6 A, Rel\u00e9 electromec\u00e1nico (EMR), 1 contacto, Contacto conmutado, 6 A, AgNi, Bobina DC sensible, 60 V, funcionamiento &#8211; de 42 a 90 V, potencia nominal 0.17 W, resistencia 19700 \u03a9, absorbida 3 mA, tensi\u00f3n de mantenimiento 24 V, tensi\u00f3n de desconexi\u00f3n 3 V, variantes: Estanco al flux (RT II), temperatura ambiente de -40 a +85 \u00b0C<\/li>\n<\/ul>\n<\/div>\n<\/div>\n<div class=\"single-data-product product\">\n<div class=\"title\">\n<ul>\n<li>Dimensiones: 5x15x28 mm<\/li>\n<\/ul>\n<\/div>\n<\/div>\n<div class=\"single-data-product product\">\n<div class=\"title\">\n<ul>\n<li>Potencia nominal dc: 0.17 W<\/li>\n<\/ul>\n<\/div>\n<\/div>\n<div class=\"single-data-product product\">\n<div class=\"title\">\n<ul>\n<li>Temperatura ambiente: -40&#8230;85 \u00b0C<\/li>\n<\/ul>\n<\/div>\n<\/div>\n<div class=\"single-data-product product\">\n<div class=\"title\">\n<ul>\n<li>Tensi\u00f3n nominal de alimentaci\u00f3n dc: 60 V<\/li>\n<\/ul>\n<\/div>\n<\/div>\n<div class=\"single-data-product product\">\n<div class=\"title\">\n<ul>\n<li>Tensi\u00f3n nominal de contactos: 250 V AC<\/li>\n<\/ul>\n<\/div>\n<\/div>\n<div class=\"single-data-product product\">\n<div class=\"title\">\n<ul>\n<li>Tipo de alimentaci\u00f3n: Bobina DC sensible<\/li>\n<\/ul>\n<\/div>\n<\/div>\n<div class=\"single-data-product product\">\n<div class=\"title\">\n<ul>\n<li>Vida \u00fatil el\u00e9ctrica: 60000 cycles<\/li>\n<\/ul>\n<\/div>\n<\/div>\n<div class=\"single-data-product data-homologations homologations-image\">\n<div class=\"title\">\n<ul>\n<li>Homologaciones\/certificaciones (seg\u00fan tipo)<\/li>\n<\/ul>\n<\/div>\n<div class=\"data\">\n<div><img decoding=\"async\" class=\"\" src=\"https:\/\/cdn.findernet.com\/app\/uploads\/2020\/04\/15130944\/EAC-1.png\" alt=\"img\" width=\"49\" height=\"43\" \/>\u00a0 \u00a0<img decoding=\"async\" class=\"\" src=\"https:\/\/cdn.findernet.com\/app\/uploads\/2020\/04\/15131310\/cRUus.png\" alt=\"img\" width=\"83\" height=\"36\" \/> \u00a0<img decoding=\"async\" class=\"\" src=\"https:\/\/cdn.findernet.com\/app\/uploads\/2020\/04\/15125644\/VDE.png\" alt=\"img\" width=\"54\" height=\"54\" \/> \u00a0<img loading=\"lazy\" decoding=\"async\" class=\"\" src=\"https:\/\/cdn.findernet.com\/app\/uploads\/2020\/04\/15125839\/CCC-1.png\" alt=\"img\" width=\"48\" height=\"38\" \/> \u00a0<img loading=\"lazy\" decoding=\"async\" class=\"\" src=\"https:\/\/cdn.findernet.com\/app\/uploads\/2020\/07\/09154341\/RINA.png\" alt=\"img\" width=\"102\" height=\"30\" \/><\/div>\n<div><\/div>\n<\/div>\n<\/div>\n<\/div>\n<p>Las im\u00e1genes y especificaciones, mostrados o contenidos en esta Web pueden estar sujetas a cambios.<\/p>\n","protected":false},"excerpt":{"rendered":"<p><span style=\"color: #3366ff;\"><strong>Codigo IPS: 540152<\/strong><\/span><\/p>\n<p>Modelo: 34.51.7.060.0010<\/p>\n","protected":false},"featured_media":11486,"template":"","meta":{"_joinchat":[]},"product_brand":[],"product_cat":[576,589],"product_tag":[422,416,423],"class_list":{"0":"post-6727","1":"product","2":"type-product","3":"status-publish","4":"has-post-thumbnail","6":"product_cat-rele-electromecanico","7":"product_cat-finder-serie-34","8":"product_tag-finder","9":"product_tag-reles","10":"product_tag-reles-finder","12":"first","13":"instock","14":"taxable","15":"shipping-taxable","16":"product-type-simple"},"_links":{"self":[{"href":"https:\/\/ipselectronica.cl\/web\/wp-json\/wp\/v2\/product\/6727","targetHints":{"allow":["GET"]}}],"collection":[{"href":"https:\/\/ipselectronica.cl\/web\/wp-json\/wp\/v2\/product"}],"about":[{"href":"https:\/\/ipselectronica.cl\/web\/wp-json\/wp\/v2\/types\/product"}],"wp:featuredmedia":[{"embeddable":true,"href":"https:\/\/ipselectronica.cl\/web\/wp-json\/wp\/v2\/media\/11486"}],"wp:attachment":[{"href":"https:\/\/ipselectronica.cl\/web\/wp-json\/wp\/v2\/media?parent=6727"}],"wp:term":[{"taxonomy":"product_brand","embeddable":true,"href":"https:\/\/ipselectronica.cl\/web\/wp-json\/wp\/v2\/product_brand?post=6727"},{"taxonomy":"product_cat","embeddable":true,"href":"https:\/\/ipselectronica.cl\/web\/wp-json\/wp\/v2\/product_cat?post=6727"},{"taxonomy":"product_tag","embeddable":true,"href":"https:\/\/ipselectronica.cl\/web\/wp-json\/wp\/v2\/product_tag?post=6727"}],"curies":[{"name":"wp","href":"https:\/\/api.w.org\/{rel}","templated":true}]}}