{"id":6721,"date":"2021-11-10T20:27:07","date_gmt":"2021-11-10T23:27:07","guid":{"rendered":"https:\/\/ipselectronica.cl\/web\/producto\/base-a-riel-din-94-74-p-reles-de-2-y-4-contactos\/"},"modified":"2024-07-01T13:14:47","modified_gmt":"2024-07-01T16:14:47","slug":"base-a-riel-din-94-74-p-reles-de-2-y-4-contactos","status":"publish","type":"product","link":"https:\/\/ipselectronica.cl\/web\/producto\/base-a-riel-din-94-74-p-reles-de-2-y-4-contactos\/","title":{"rendered":"Base Rel\u00e9 Riel DIN para Serie 55, 85 y 86  94.74"},"content":{"rendered":"<p class=\"card-component-module_title__bVV1D \"><strong>Especificaciones<\/strong><\/p>\n<div class=\"product-detail-page-component_spec-list__r_evK \">\n<div class=\"product-detail-page-component_spec__2he5t\">\n<div class=\"single-data-product product\">\n<div class=\"title\">\n<ul>\n<li>Descripci\u00f3n comercial: Z\u00f3calo con terminales de tornillo a pletina (azul) para rel\u00e9s Tipo 55.32 y 55.34. Adecuado para montaje en panel o en carril de 35 mm (EN 60715). Disponible en versi\u00f3n negra Tipo 94.74.0<\/li>\n<\/ul>\n<\/div>\n<\/div>\n<div class=\"single-data-product product\">\n<div class=\"title\">\n<ul>\n<li>Descripci\u00f3n t\u00e9cnica: Z\u00f3calo con bornes a pletina montaje en panel o carril de 35 mm (EN 60715)<\/li>\n<\/ul>\n<\/div>\n<\/div>\n<div class=\"single-data-product product\">\n<div class=\"title\">\n<ul>\n<li>Dimensiones: 30&#215;70.5&#215;23 mm<\/li>\n<li>Temperatura ambiente: -40&#8230;70 \u00b0C<\/li>\n<\/ul>\n<\/div>\n<\/div>\n<div class=\"single-data-product data-homologations homologations-image\">\n<div class=\"title\">\n<ul>\n<li>Homologaciones\/certificaciones (seg\u00fan tipo)<\/li>\n<\/ul>\n<\/div>\n<\/div>\n<\/div>\n<\/div>\n<div><\/div>\n<div><\/div>\n<div class=\"product-detail-page-component_spec-list__r_evK \">\n<div class=\"product-detail-page-component_spec__2he5t\">\n<div class=\"single-data-product data-homologations homologations-image\">\n<div class=\"data\">\n<div><img decoding=\"async\" class=\"\" src=\"https:\/\/cdn.findernet.com\/app\/uploads\/2020\/04\/15124841\/IMQ-grande.png\" alt=\"img\" width=\"33\" height=\"37\" \/> \u00a0<img decoding=\"async\" class=\"\" src=\"https:\/\/cdn.findernet.com\/app\/uploads\/2020\/04\/15130944\/EAC-1.png\" alt=\"img\" width=\"43\" height=\"37\" \/> \u00a0<img decoding=\"async\" class=\"\" src=\"https:\/\/cdn.findernet.com\/app\/uploads\/2020\/04\/15123532\/CSA.png\" alt=\"img\" width=\"33\" height=\"37\" \/> \u00a0<img loading=\"lazy\" decoding=\"async\" class=\"\" src=\"https:\/\/cdn.findernet.com\/app\/uploads\/2020\/04\/15131310\/cRUus.png\" alt=\"img\" width=\"85\" height=\"37\" \/><img loading=\"lazy\" decoding=\"async\" class=\"\" src=\"https:\/\/cdn.findernet.com\/app\/uploads\/ukca-logo.png\" alt=\"img\" width=\"37\" height=\"37\" \/><\/div>\n<\/div>\n<\/div>\n<\/div>\n<div class=\"product-detail-page-component_spec__2he5t\">\n<p>&nbsp;<\/p>\n<\/div>\n<\/div>\n<p>Las im\u00e1genes y especificaciones, mostrados o contenidos en esta Web pueden estar sujetas a cambios.<\/p>\n","protected":false},"excerpt":{"rendered":"<p><span style=\"color: #3366ff;\"><strong>C\u00f3digo IPS: 549131<\/strong><\/span><\/p>\n<p>Modelo: 94.74<\/p>\n<p>&nbsp;<\/p>\n","protected":false},"featured_media":11558,"template":"","meta":{"_joinchat":[]},"product_brand":[],"product_cat":[580,576],"product_tag":[422,416,423],"class_list":{"0":"post-6721","1":"product","2":"type-product","3":"status-publish","4":"has-post-thumbnail","6":"product_cat-base-accesorios","7":"product_cat-rele-electromecanico","8":"product_tag-finder","9":"product_tag-reles","10":"product_tag-reles-finder","12":"first","13":"instock","14":"taxable","15":"shipping-taxable","16":"product-type-simple"},"_links":{"self":[{"href":"https:\/\/ipselectronica.cl\/web\/wp-json\/wp\/v2\/product\/6721","targetHints":{"allow":["GET"]}}],"collection":[{"href":"https:\/\/ipselectronica.cl\/web\/wp-json\/wp\/v2\/product"}],"about":[{"href":"https:\/\/ipselectronica.cl\/web\/wp-json\/wp\/v2\/types\/product"}],"wp:featuredmedia":[{"embeddable":true,"href":"https:\/\/ipselectronica.cl\/web\/wp-json\/wp\/v2\/media\/11558"}],"wp:attachment":[{"href":"https:\/\/ipselectronica.cl\/web\/wp-json\/wp\/v2\/media?parent=6721"}],"wp:term":[{"taxonomy":"product_brand","embeddable":true,"href":"https:\/\/ipselectronica.cl\/web\/wp-json\/wp\/v2\/product_brand?post=6721"},{"taxonomy":"product_cat","embeddable":true,"href":"https:\/\/ipselectronica.cl\/web\/wp-json\/wp\/v2\/product_cat?post=6721"},{"taxonomy":"product_tag","embeddable":true,"href":"https:\/\/ipselectronica.cl\/web\/wp-json\/wp\/v2\/product_tag?post=6721"}],"curies":[{"name":"wp","href":"https:\/\/api.w.org\/{rel}","templated":true}]}}