{"id":6717,"date":"2021-11-10T20:27:06","date_gmt":"2021-11-10T23:27:06","guid":{"rendered":"https:\/\/ipselectronica.cl\/web\/producto\/rele-undecal-11p-10a-120vac-mks3pi5ac120\/"},"modified":"2024-05-16T18:11:45","modified_gmt":"2024-05-16T21:11:45","slug":"rele-undecal-11p-10a-120vac-mks3pi5ac120","status":"publish","type":"product","link":"https:\/\/ipselectronica.cl\/web\/producto\/rele-undecal-11p-10a-120vac-mks3pi5ac120\/","title":{"rendered":"Rel\u00e9 3PDT Undecal 11P 10A. 120VAC MKS3PI5 AC120"},"content":{"rendered":"<div class=\"jss159\">Fabricante: Omron Automation and Safety<\/div>\n<div class=\"jss159\">\n<div>Serie: MKS<\/div>\n<\/div>\n<div class=\"jss159\">\n<div>Tipo de montaje: Para enchufe<\/div>\n<\/div>\n<div class=\"jss159\">\n<div>Voltaje de la bobina: 120 VCA<\/div>\n<\/div>\n<div class=\"jss159\">\n<div>Formulario de contacto: 3PDT (3 Forma C)<\/div>\n<\/div>\n<div class=\"jss159\">\n<div>Clasificaci\u00f3n de contacto (corriente): 10 A<\/div>\n<\/div>\n<div class=\"jss159\">\n<div>Voltaje de conmutaci\u00f3n: 250 VCA, 30 VCC &#8211; m\u00e1x.<\/div>\n<\/div>\n<div class=\"jss159\">\n<div>Corriente de la bobina: 19.3 mA<\/div>\n<\/div>\n<div class=\"jss159\">\n<div>Tipo de bobina: Sin pestillos<\/div>\n<\/div>\n<div class=\"jss159\">\n<div>Caracter\u00edsticas: Indicador mec\u00e1nico, bot\u00f3n de prueba<\/div>\n<\/div>\n<div class=\"jss159\">\n<div>Tipo de terminaci\u00f3n: Conectable, 11 clavijas (Octal)<\/div>\n<\/div>\n<div class=\"jss159\">\n<div>Clase de sello: &#8211;<\/div>\n<\/div>\n<div class=\"jss159\">\n<div>Aislamiento de la bobina: &#8211;<\/div>\n<\/div>\n<div class=\"jss159\">\n<div>Debe operar voltaje: 96 VCA<\/div>\n<\/div>\n<div class=\"jss159\">\n<div>Debe liberar voltaje: 36 VCA<\/div>\n<\/div>\n<div class=\"jss159\">\n<div>Tiempo de funcionamiento: 20 ms<\/div>\n<\/div>\n<div class=\"jss159\">\n<div>Tiempo de liberaci\u00f3n: 20 ms<\/div>\n<\/div>\n<div class=\"jss159\">\n<div>Temperatura de funcionamiento: -40\u00b0C ~ 60\u00b0C<\/div>\n<\/div>\n<div class=\"jss159\">\n<div>Material del contacto: Plata-Esta\u00f1o-Indio (AgSnIn)<\/div>\n<\/div>\n<div class=\"jss159\">\n<div>Tipo de relevador: Prop\u00f3sito general<\/div>\n<\/div>\n<div class=\"jss159\">\n<div>Resistencia de bobina: 1.13 kOhms<\/div>\n<div><\/div>\n<\/div>\n<p>Las im\u00e1genes y especificaciones, mostrados o contenidos en esta Web pueden estar sujetas a cambios.<\/p>\n","protected":false},"excerpt":{"rendered":"<p>C\u00f3digo IPS: 540232<\/p>\n<p>Modelo: MKS3PI-5 AC120<\/p>\n","protected":false},"featured_media":8292,"template":"","meta":{"_joinchat":[]},"product_brand":[],"product_cat":[579,576],"product_tag":[326,416,421],"class_list":{"0":"post-6717","1":"product","2":"type-product","3":"status-publish","4":"has-post-thumbnail","6":"product_cat-omron","7":"product_cat-rele-electromecanico","8":"product_tag-omron","9":"product_tag-reles","10":"product_tag-reles-omron","12":"first","13":"instock","14":"taxable","15":"shipping-taxable","16":"product-type-simple"},"_links":{"self":[{"href":"https:\/\/ipselectronica.cl\/web\/wp-json\/wp\/v2\/product\/6717","targetHints":{"allow":["GET"]}}],"collection":[{"href":"https:\/\/ipselectronica.cl\/web\/wp-json\/wp\/v2\/product"}],"about":[{"href":"https:\/\/ipselectronica.cl\/web\/wp-json\/wp\/v2\/types\/product"}],"wp:featuredmedia":[{"embeddable":true,"href":"https:\/\/ipselectronica.cl\/web\/wp-json\/wp\/v2\/media\/8292"}],"wp:attachment":[{"href":"https:\/\/ipselectronica.cl\/web\/wp-json\/wp\/v2\/media?parent=6717"}],"wp:term":[{"taxonomy":"product_brand","embeddable":true,"href":"https:\/\/ipselectronica.cl\/web\/wp-json\/wp\/v2\/product_brand?post=6717"},{"taxonomy":"product_cat","embeddable":true,"href":"https:\/\/ipselectronica.cl\/web\/wp-json\/wp\/v2\/product_cat?post=6717"},{"taxonomy":"product_tag","embeddable":true,"href":"https:\/\/ipselectronica.cl\/web\/wp-json\/wp\/v2\/product_tag?post=6717"}],"curies":[{"name":"wp","href":"https:\/\/api.w.org\/{rel}","templated":true}]}}