{"id":6710,"date":"2021-11-10T20:27:04","date_gmt":"2021-11-10T23:27:04","guid":{"rendered":"https:\/\/ipselectronica.cl\/web\/producto\/rele-14p-5a-12-vdc-my4ndc12s\/"},"modified":"2024-05-16T18:35:23","modified_gmt":"2024-05-16T21:35:23","slug":"rele-14p-5a-12-vdc-my4ndc12s","status":"publish","type":"product","link":"https:\/\/ipselectronica.cl\/web\/producto\/rele-14p-5a-12-vdc-my4ndc12s\/","title":{"rendered":"Rel\u00e9 4PDT 14P. 5A. 12 VDC MY4N DC12S"},"content":{"rendered":"<div class=\"sc-dnqmqq bXVrbq\">\n<h2 class=\"Box-sc-1a4tiu7-0 cviPht\" data-testid=\"specifications-title\">Especificaciones<\/h2>\n<\/div>\n<table class=\"sc-gqjmRU dvSZoQ\" data-testid=\"specification-attributes\">\n<thead>\n<tr>\n<td><\/td>\n<td><\/td>\n<\/tr>\n<\/thead>\n<tbody>\n<tr>\n<td data-testid=\"specification-attributes-key\">Tensi\u00f3n de la Bobina<\/td>\n<td data-testid=\"specification-attributes-value\">12V dc<\/td>\n<\/tr>\n<tr>\n<td data-testid=\"specification-attributes-key\">Potencia de la Bobina<\/td>\n<td data-testid=\"specification-attributes-value\">900mW<\/td>\n<\/tr>\n<tr>\n<td data-testid=\"specification-attributes-key\">Resistencia de la Bobina<\/td>\n<td data-testid=\"specification-attributes-value\">160 \u03a9<\/td>\n<\/tr>\n<tr>\n<td data-testid=\"specification-attributes-key\">Aislamiento de Bobina a Contacto<\/td>\n<td data-testid=\"specification-attributes-value\">2kV ac<\/td>\n<\/tr>\n<tr>\n<td data-testid=\"specification-attributes-key\">Configuraci\u00f3n de los Contactos<\/td>\n<td data-testid=\"specification-attributes-value\">4PDT<\/td>\n<\/tr>\n<tr>\n<td data-testid=\"specification-attributes-key\">Tipo de Montaje<\/td>\n<td data-testid=\"specification-attributes-value\">Enchufable<\/td>\n<\/tr>\n<tr>\n<td data-testid=\"specification-attributes-key\">Corriente de conmutaci\u00f3n<\/td>\n<td data-testid=\"specification-attributes-value\">5A<\/td>\n<\/tr>\n<tr>\n<td data-testid=\"specification-attributes-key\">Tipo de Terminal<\/td>\n<td data-testid=\"specification-attributes-value\">Contacto para montaje en PCB<\/td>\n<\/tr>\n<tr>\n<td data-testid=\"specification-attributes-key\">Tensi\u00f3n de Conmutaci\u00f3n M\u00e1xima AC<\/td>\n<td data-testid=\"specification-attributes-value\">250V<\/td>\n<\/tr>\n<tr>\n<td data-testid=\"specification-attributes-key\">Tensi\u00f3n de Conmutaci\u00f3n M\u00e1xima DC<\/td>\n<td data-testid=\"specification-attributes-value\">125V<\/td>\n<\/tr>\n<tr>\n<td data-testid=\"specification-attributes-key\">Longitud<\/td>\n<td data-testid=\"specification-attributes-value\">21.5mm<\/td>\n<\/tr>\n<tr>\n<td data-testid=\"specification-attributes-key\">Potencia de Conmutaci\u00f3n M\u00e1xima AC<\/td>\n<td data-testid=\"specification-attributes-value\">1,25 kVA<\/td>\n<\/tr>\n<tr>\n<td data-testid=\"specification-attributes-key\">Altura<\/td>\n<td data-testid=\"specification-attributes-value\">28mm<\/td>\n<\/tr>\n<tr>\n<td data-testid=\"specification-attributes-key\">Profundidad<\/td>\n<td data-testid=\"specification-attributes-value\">36mm<\/td>\n<\/tr>\n<tr>\n<td data-testid=\"specification-attributes-key\">Potencia de Conmutaci\u00f3n M\u00e1xima DC<\/td>\n<td data-testid=\"specification-attributes-value\">150 W<\/td>\n<\/tr>\n<\/tbody>\n<\/table>\n<p>&nbsp;<\/p>\n<p>Las im\u00e1genes y especificaciones, mostrados o contenidos en esta Web pueden estar sujetas a cambios.<\/p>\n","protected":false},"excerpt":{"rendered":"<p>C\u00f3digo IPS: 540201<\/p>\n<p>Modelo: MY4N DC12 (S)<\/p>\n","protected":false},"featured_media":8285,"template":"","meta":{"_joinchat":[]},"product_brand":[],"product_cat":[579,576],"product_tag":[326,416,421],"class_list":{"0":"post-6710","1":"product","2":"type-product","3":"status-publish","4":"has-post-thumbnail","6":"product_cat-omron","7":"product_cat-rele-electromecanico","8":"product_tag-omron","9":"product_tag-reles","10":"product_tag-reles-omron","12":"first","13":"instock","14":"taxable","15":"shipping-taxable","16":"product-type-simple"},"_links":{"self":[{"href":"https:\/\/ipselectronica.cl\/web\/wp-json\/wp\/v2\/product\/6710","targetHints":{"allow":["GET"]}}],"collection":[{"href":"https:\/\/ipselectronica.cl\/web\/wp-json\/wp\/v2\/product"}],"about":[{"href":"https:\/\/ipselectronica.cl\/web\/wp-json\/wp\/v2\/types\/product"}],"wp:featuredmedia":[{"embeddable":true,"href":"https:\/\/ipselectronica.cl\/web\/wp-json\/wp\/v2\/media\/8285"}],"wp:attachment":[{"href":"https:\/\/ipselectronica.cl\/web\/wp-json\/wp\/v2\/media?parent=6710"}],"wp:term":[{"taxonomy":"product_brand","embeddable":true,"href":"https:\/\/ipselectronica.cl\/web\/wp-json\/wp\/v2\/product_brand?post=6710"},{"taxonomy":"product_cat","embeddable":true,"href":"https:\/\/ipselectronica.cl\/web\/wp-json\/wp\/v2\/product_cat?post=6710"},{"taxonomy":"product_tag","embeddable":true,"href":"https:\/\/ipselectronica.cl\/web\/wp-json\/wp\/v2\/product_tag?post=6710"}],"curies":[{"name":"wp","href":"https:\/\/api.w.org\/{rel}","templated":true}]}}