{"id":6704,"date":"2021-11-10T20:27:03","date_gmt":"2021-11-10T23:27:03","guid":{"rendered":"https:\/\/ipselectronica.cl\/web\/producto\/rele-8p-10a-110-vac-my2nac110120s\/"},"modified":"2024-05-17T14:17:13","modified_gmt":"2024-05-17T17:17:13","slug":"rele-8p-10a-110-vac-my2nac110120s","status":"publish","type":"product","link":"https:\/\/ipselectronica.cl\/web\/producto\/rele-8p-10a-110-vac-my2nac110120s\/","title":{"rendered":"Rel\u00e9 DPDT 8P. 10A. 110 VAC MY2NAC 110\/120S"},"content":{"rendered":"<h4 class=\"card-component-module_title__bVV1D \"><strong>Especificaciones<\/strong><\/h4>\n<div class=\"product-detail-page-component_spec-list__r_evK \">\n<div class=\"product-detail-page-component_spec__2he5t\">\n<p class=\"snippet product-detail-page-component_label__3S-Gu\">Brand: Omron<\/p>\n<\/div>\n<div class=\"product-detail-page-component_spec__2he5t\">\n<p class=\"snippet product-detail-page-component_label__3S-Gu\">Tensi\u00f3n de la Bobina: 120V ac<\/p>\n<\/div>\n<div class=\"product-detail-page-component_spec__2he5t\">\n<p class=\"snippet product-detail-page-component_label__3S-Gu\">Potencia de la Bobina:\u00a01.1W<\/p>\n<\/div>\n<div class=\"product-detail-page-component_spec__2he5t\">\n<p class=\"snippet product-detail-page-component_label__3S-Gu\">Resistencia de bobina:\u00a04.43 k\u03a9<\/p>\n<\/div>\n<div class=\"product-detail-page-component_spec__2he5t\">\n<p class=\"snippet product-detail-page-component_label__3S-Gu\">Aislamiento de Bobina a Contacto:\u00a02kV ac<\/p>\n<\/div>\n<div class=\"product-detail-page-component_spec__2he5t\">\n<p class=\"snippet product-detail-page-component_label__3S-Gu\">Configuraci\u00f3n del Contacto:\u00a0DPDT<\/p>\n<\/div>\n<div class=\"product-detail-page-component_spec__2he5t\">\n<p class=\"snippet product-detail-page-component_label__3S-Gu\">Tipo de montaje:\u00a0Enchufable<\/p>\n<\/div>\n<div class=\"product-detail-page-component_spec__2he5t\">\n<p class=\"snippet product-detail-page-component_label__3S-Gu\">Switching Current:\u00a010.0A<\/p>\n<\/div>\n<div class=\"product-detail-page-component_spec__2he5t\">\n<p class=\"snippet product-detail-page-component_label__3S-Gu\">Tipo terminal:\u00a0Enchufable<\/p>\n<\/div>\n<div class=\"product-detail-page-component_spec__2he5t\">\n<p class=\"snippet product-detail-page-component_label__3S-Gu\">Tensi\u00f3n de Conmutaci\u00f3n M\u00e1xima AC:\u00a0250V ac<\/p>\n<\/div>\n<div class=\"product-detail-page-component_spec__2he5t\">\n<p class=\"snippet product-detail-page-component_label__3S-Gu\">Tensi\u00f3n de Conmutaci\u00f3n M\u00e1xima DC:\u00a0125V dc<\/p>\n<\/div>\n<div class=\"product-detail-page-component_spec__2he5t\">\n<p class=\"snippet product-detail-page-component_label__3S-Gu\">Altura:\u00a036mm<\/p>\n<\/div>\n<div class=\"product-detail-page-component_spec__2he5t\">\n<p class=\"snippet product-detail-page-component_label__3S-Gu\">Longitud:\u00a028<\/p>\n<\/div>\n<div class=\"product-detail-page-component_spec__2he5t\">\n<p class=\"snippet product-detail-page-component_label__3S-Gu\">Potencia de Conmutaci\u00f3n M\u00e1xima AC:\u00a02000 (NC) VA, 2500 (NA) VA<\/p>\n<\/div>\n<div class=\"product-detail-page-component_spec__2he5t\">\n<p class=\"snippet product-detail-page-component_label__3S-Gu\">Serie:\u00a0MY<\/p>\n<\/div>\n<div class=\"product-detail-page-component_spec__2he5t\">\n<p class=\"snippet product-detail-page-component_label__3S-Gu\">Potencia de Conmutaci\u00f3n M\u00e1xima DC:\u00a0300000 mW<\/p>\n<\/div>\n<div class=\"product-detail-page-component_spec__2he5t\">\n<p class=\"snippet product-detail-page-component_label__3S-Gu\">Profundidad:\u00a021.5mm<\/p>\n<\/div>\n<p>&nbsp;<\/p>\n<\/div>\n<p>Las im\u00e1genes y especificaciones, mostrados o contenidos en esta Web pueden estar sujetas a cambios.<\/p>\n","protected":false},"excerpt":{"rendered":"<p>C\u00f3digo IPS: 540230<\/p>\n<p>Modelo: MY2N AC110\/120(S)<\/p>\n","protected":false},"featured_media":8284,"template":"","meta":{"_joinchat":[]},"product_brand":[],"product_cat":[579,576],"product_tag":[326,416,421],"class_list":{"0":"post-6704","1":"product","2":"type-product","3":"status-publish","4":"has-post-thumbnail","6":"product_cat-omron","7":"product_cat-rele-electromecanico","8":"product_tag-omron","9":"product_tag-reles","10":"product_tag-reles-omron","12":"first","13":"instock","14":"taxable","15":"shipping-taxable","16":"product-type-simple"},"_links":{"self":[{"href":"https:\/\/ipselectronica.cl\/web\/wp-json\/wp\/v2\/product\/6704","targetHints":{"allow":["GET"]}}],"collection":[{"href":"https:\/\/ipselectronica.cl\/web\/wp-json\/wp\/v2\/product"}],"about":[{"href":"https:\/\/ipselectronica.cl\/web\/wp-json\/wp\/v2\/types\/product"}],"wp:featuredmedia":[{"embeddable":true,"href":"https:\/\/ipselectronica.cl\/web\/wp-json\/wp\/v2\/media\/8284"}],"wp:attachment":[{"href":"https:\/\/ipselectronica.cl\/web\/wp-json\/wp\/v2\/media?parent=6704"}],"wp:term":[{"taxonomy":"product_brand","embeddable":true,"href":"https:\/\/ipselectronica.cl\/web\/wp-json\/wp\/v2\/product_brand?post=6704"},{"taxonomy":"product_cat","embeddable":true,"href":"https:\/\/ipselectronica.cl\/web\/wp-json\/wp\/v2\/product_cat?post=6704"},{"taxonomy":"product_tag","embeddable":true,"href":"https:\/\/ipselectronica.cl\/web\/wp-json\/wp\/v2\/product_tag?post=6704"}],"curies":[{"name":"wp","href":"https:\/\/api.w.org\/{rel}","templated":true}]}}