{"id":6691,"date":"2021-11-10T20:27:01","date_gmt":"2021-11-10T23:27:01","guid":{"rendered":"https:\/\/ipselectronica.cl\/web\/producto\/disipador-trifasico-hs100\/"},"modified":"2024-05-17T12:35:10","modified_gmt":"2024-05-17T15:35:10","slug":"disipador-trifasico-hs100","status":"publish","type":"product","link":"https:\/\/ipselectronica.cl\/web\/producto\/disipador-trifasico-hs100\/","title":{"rendered":"Disipador Rel\u00e9 Trif\u00e1sico  HS100"},"content":{"rendered":"<p>Marca FOTEK Categor\u00eda RELES<\/p>\n<p>&nbsp;<\/p>\n<p>Las im\u00e1genes y especificaciones, mostrados o contenidos en esta Web pueden estar sujetas a cambios.<\/p>\n","protected":false},"excerpt":{"rendered":"<p>C\u00f3digo IPS: 549203<\/p>\n<p>Modelo: HS-100<\/p>\n","protected":false},"featured_media":8305,"template":"","meta":{"_joinchat":[]},"product_brand":[],"product_cat":[585,563],"product_tag":[320,416,417],"class_list":{"0":"post-6691","1":"product","2":"type-product","3":"status-publish","4":"has-post-thumbnail","6":"product_cat-accesorios-reles-ssr","7":"product_cat-rele-ssr","8":"product_tag-fotek","9":"product_tag-reles","10":"product_tag-reles-fotek","12":"first","13":"instock","14":"taxable","15":"shipping-taxable","16":"product-type-simple"},"_links":{"self":[{"href":"https:\/\/ipselectronica.cl\/web\/wp-json\/wp\/v2\/product\/6691","targetHints":{"allow":["GET"]}}],"collection":[{"href":"https:\/\/ipselectronica.cl\/web\/wp-json\/wp\/v2\/product"}],"about":[{"href":"https:\/\/ipselectronica.cl\/web\/wp-json\/wp\/v2\/types\/product"}],"wp:featuredmedia":[{"embeddable":true,"href":"https:\/\/ipselectronica.cl\/web\/wp-json\/wp\/v2\/media\/8305"}],"wp:attachment":[{"href":"https:\/\/ipselectronica.cl\/web\/wp-json\/wp\/v2\/media?parent=6691"}],"wp:term":[{"taxonomy":"product_brand","embeddable":true,"href":"https:\/\/ipselectronica.cl\/web\/wp-json\/wp\/v2\/product_brand?post=6691"},{"taxonomy":"product_cat","embeddable":true,"href":"https:\/\/ipselectronica.cl\/web\/wp-json\/wp\/v2\/product_cat?post=6691"},{"taxonomy":"product_tag","embeddable":true,"href":"https:\/\/ipselectronica.cl\/web\/wp-json\/wp\/v2\/product_tag?post=6691"}],"curies":[{"name":"wp","href":"https:\/\/api.w.org\/{rel}","templated":true}]}}