{"id":6690,"date":"2021-11-10T20:27:01","date_gmt":"2021-11-10T23:27:01","guid":{"rendered":"https:\/\/ipselectronica.cl\/web\/producto\/disipador-90x103x80-monof-rhs90ad\/"},"modified":"2024-05-17T12:34:37","modified_gmt":"2024-05-17T15:34:37","slug":"disipador-90x103x80-monof-rhs90ad","status":"publish","type":"product","link":"https:\/\/ipselectronica.cl\/web\/producto\/disipador-90x103x80-monof-rhs90ad\/","title":{"rendered":"Disipador Rel\u00e9 SSR Monof\u00e1sico 90x103x80  RHS90AD"},"content":{"rendered":"<p>Marca CARLO GAVAZZI Categor\u00eda RELES<\/p>\n<p>&nbsp;<\/p>\n<p>Las im\u00e1genes y especificaciones, mostrados o contenidos en esta Web pueden estar sujetas a cambios.<\/p>\n","protected":false},"excerpt":{"rendered":"<h5><span style=\"color: #3366ff;\">C\u00f3digo IPS: 549202<\/span><\/h5>\n<p>Modelo: RHS90AD<\/p>\n<p>&nbsp;<\/p>\n","protected":false},"featured_media":8304,"template":"","meta":{"_joinchat":[]},"product_brand":[],"product_cat":[585,563],"product_tag":[322,416,418],"class_list":{"0":"post-6690","1":"product","2":"type-product","3":"status-publish","4":"has-post-thumbnail","6":"product_cat-accesorios-reles-ssr","7":"product_cat-rele-ssr","8":"product_tag-carlo-gavazzi","9":"product_tag-reles","10":"product_tag-reles-carlo-gavazzi","12":"first","13":"instock","14":"taxable","15":"shipping-taxable","16":"product-type-simple"},"_links":{"self":[{"href":"https:\/\/ipselectronica.cl\/web\/wp-json\/wp\/v2\/product\/6690","targetHints":{"allow":["GET"]}}],"collection":[{"href":"https:\/\/ipselectronica.cl\/web\/wp-json\/wp\/v2\/product"}],"about":[{"href":"https:\/\/ipselectronica.cl\/web\/wp-json\/wp\/v2\/types\/product"}],"wp:featuredmedia":[{"embeddable":true,"href":"https:\/\/ipselectronica.cl\/web\/wp-json\/wp\/v2\/media\/8304"}],"wp:attachment":[{"href":"https:\/\/ipselectronica.cl\/web\/wp-json\/wp\/v2\/media?parent=6690"}],"wp:term":[{"taxonomy":"product_brand","embeddable":true,"href":"https:\/\/ipselectronica.cl\/web\/wp-json\/wp\/v2\/product_brand?post=6690"},{"taxonomy":"product_cat","embeddable":true,"href":"https:\/\/ipselectronica.cl\/web\/wp-json\/wp\/v2\/product_cat?post=6690"},{"taxonomy":"product_tag","embeddable":true,"href":"https:\/\/ipselectronica.cl\/web\/wp-json\/wp\/v2\/product_tag?post=6690"}],"curies":[{"name":"wp","href":"https:\/\/api.w.org\/{rel}","templated":true}]}}