{"id":11608,"date":"2024-08-02T16:02:55","date_gmt":"2024-08-02T19:02:55","guid":{"rendered":"https:\/\/ipselectronica.cl\/web\/?post_type=product&#038;p=11608"},"modified":"2024-08-02T16:02:55","modified_gmt":"2024-08-02T19:02:55","slug":"caja-para-guardamotores-gv2-ip55-gv2mc2","status":"publish","type":"product","link":"https:\/\/ipselectronica.cl\/web\/producto\/caja-para-guardamotores-gv2-ip55-gv2mc2\/","title":{"rendered":"Caja para guardamotores GV2 IP55 GV2MC2"},"content":{"rendered":"<h2 class=\"section-heading section-heading--color-default\">Descripci\u00f3n<\/h2>\n<div class=\"section__content\">\n<div class=\"text-container pdp-long-desc expanded\"><span class=\"description__content font-m\">Caja Tesys Deca para guardamotores termomagn\u00e9ticos GV2ME. Proporcionan control, aislamiento y protecci\u00f3n contra cortocircuitos y sobrecargas. Caja de superficie con fijaci\u00f3n por tornillos, 2 aberturas para prensaestopas en la parte superior e inferior, tapa sellable. Caja de policarbonato con doble aislamiento, conductor de protecci\u00f3n y protecci\u00f3n IP55. Dise\u00f1ado para equiparse con un guardamotor GV2ME y botones de arranque y parada de emergencia GV2K (se piden por separado). Posible montaje de un bloque de contactos auxiliar lateral (GVAD, GVAM, GVAD) en ambos lados de GV2ME (pedir por separado). Este producto cumple con la norma IEC 60947-2 e IEC 60947-4-1. Los cajas Tesys Deca cuentan con la etiqueta Green PremiumTM, la cual promete el cumplimiento de las reglamentaciones m\u00e1s recientes, transparencia sobre los impactos medioambientales, productos circulares y de bajo nivel de CO2.<\/span><\/div>\n<\/div>\n<div><\/div>\n<div><\/div>\n<div>Las im\u00e1genes y especificaciones, mostrados o contenidos en esta Web pueden estar sujetas a cambios.<\/div>\n","protected":false},"excerpt":{"rendered":"<p><strong><span style=\"color: #3366ff;\">C\u00f3digo IPS: 859901<\/span><\/strong><\/p>\n<p>Modelo: GV2MC02<\/p>\n","protected":false},"featured_media":11610,"template":"","meta":{"_joinchat":[]},"product_brand":[],"product_cat":[492,596],"product_tag":[493,575],"class_list":{"0":"post-11608","1":"product","2":"type-product","3":"status-publish","4":"has-post-thumbnail","6":"product_cat-guardamotores","7":"product_cat-guardamotores-schneider","8":"product_tag-guardamotores","9":"product_tag-guardamotores-schneider","11":"first","12":"instock","13":"taxable","14":"shipping-taxable","15":"product-type-simple"},"_links":{"self":[{"href":"https:\/\/ipselectronica.cl\/web\/wp-json\/wp\/v2\/product\/11608","targetHints":{"allow":["GET"]}}],"collection":[{"href":"https:\/\/ipselectronica.cl\/web\/wp-json\/wp\/v2\/product"}],"about":[{"href":"https:\/\/ipselectronica.cl\/web\/wp-json\/wp\/v2\/types\/product"}],"wp:featuredmedia":[{"embeddable":true,"href":"https:\/\/ipselectronica.cl\/web\/wp-json\/wp\/v2\/media\/11610"}],"wp:attachment":[{"href":"https:\/\/ipselectronica.cl\/web\/wp-json\/wp\/v2\/media?parent=11608"}],"wp:term":[{"taxonomy":"product_brand","embeddable":true,"href":"https:\/\/ipselectronica.cl\/web\/wp-json\/wp\/v2\/product_brand?post=11608"},{"taxonomy":"product_cat","embeddable":true,"href":"https:\/\/ipselectronica.cl\/web\/wp-json\/wp\/v2\/product_cat?post=11608"},{"taxonomy":"product_tag","embeddable":true,"href":"https:\/\/ipselectronica.cl\/web\/wp-json\/wp\/v2\/product_tag?post=11608"}],"curies":[{"name":"wp","href":"https:\/\/api.w.org\/{rel}","templated":true}]}}