{"id":11605,"date":"2024-08-02T15:52:48","date_gmt":"2024-08-02T18:52:48","guid":{"rendered":"https:\/\/ipselectronica.cl\/web\/?post_type=product&#038;p=11605"},"modified":"2024-08-02T15:52:48","modified_gmt":"2024-08-02T18:52:48","slug":"contacto-aux-lateral-gvan20-2no-para-guardamotores-gv2","status":"publish","type":"product","link":"https:\/\/ipselectronica.cl\/web\/producto\/contacto-aux-lateral-gvan20-2no-para-guardamotores-gv2\/","title":{"rendered":"Contacto Aux. Lateral GVAN20 2NO para Guardamotores GV2"},"content":{"rendered":"<h2 class=\"section-heading section-heading--color-default\">Descripci\u00f3n<\/h2>\n<div class=\"section__content\">\n<div class=\"text-container pdp-long-desc\"><span class=\"description__content font-m\">bloque de contactos auxiliar TeSys GV, para disyuntores de motor GV2 y GV3. 2 NA contactos auxiliares instant\u00e1neos. Calificado para funcionamiento de hasta 6A\/690V AC y 6A\/240V DC. Para ser instalado en el lado izquierdo del disyuntor (montaje de 2 bloques posible), conexi\u00f3n mediante terminales de abrazadera de tornillo. Certificaci\u00f3n de m\u00faltiples est\u00e1ndares (IEC, UL, CSA, CCC, EAC), compatible con Green Premium (RoHS\/REACh).<\/span><\/div>\n<\/div>\n<div><\/div>\n<div><\/div>\n<div>Las im\u00e1genes y especificaciones, mostrados o contenidos en esta Web pueden estar sujetas a cambios.<\/div>\n","protected":false},"excerpt":{"rendered":"<p>C\u00f3digo IPS: 859221<\/p>\n<p>Modelo: GVAN20<\/p>\n","protected":false},"featured_media":11606,"template":"","meta":{"_joinchat":[]},"product_brand":[],"product_cat":[492,596],"product_tag":[493,575],"class_list":{"0":"post-11605","1":"product","2":"type-product","3":"status-publish","4":"has-post-thumbnail","6":"product_cat-guardamotores","7":"product_cat-guardamotores-schneider","8":"product_tag-guardamotores","9":"product_tag-guardamotores-schneider","11":"first","12":"instock","13":"taxable","14":"shipping-taxable","15":"product-type-simple"},"_links":{"self":[{"href":"https:\/\/ipselectronica.cl\/web\/wp-json\/wp\/v2\/product\/11605","targetHints":{"allow":["GET"]}}],"collection":[{"href":"https:\/\/ipselectronica.cl\/web\/wp-json\/wp\/v2\/product"}],"about":[{"href":"https:\/\/ipselectronica.cl\/web\/wp-json\/wp\/v2\/types\/product"}],"wp:featuredmedia":[{"embeddable":true,"href":"https:\/\/ipselectronica.cl\/web\/wp-json\/wp\/v2\/media\/11606"}],"wp:attachment":[{"href":"https:\/\/ipselectronica.cl\/web\/wp-json\/wp\/v2\/media?parent=11605"}],"wp:term":[{"taxonomy":"product_brand","embeddable":true,"href":"https:\/\/ipselectronica.cl\/web\/wp-json\/wp\/v2\/product_brand?post=11605"},{"taxonomy":"product_cat","embeddable":true,"href":"https:\/\/ipselectronica.cl\/web\/wp-json\/wp\/v2\/product_cat?post=11605"},{"taxonomy":"product_tag","embeddable":true,"href":"https:\/\/ipselectronica.cl\/web\/wp-json\/wp\/v2\/product_tag?post=11605"}],"curies":[{"name":"wp","href":"https:\/\/api.w.org\/{rel}","templated":true}]}}