{"id":11571,"date":"2024-06-26T15:13:58","date_gmt":"2024-06-26T18:13:58","guid":{"rendered":"https:\/\/ipselectronica.cl\/web\/?post_type=product&#038;p=11571"},"modified":"2024-07-01T13:45:24","modified_gmt":"2024-07-01T16:45:24","slug":"base-rele-riel-din-para-serie-56-y-86-96-74","status":"publish","type":"product","link":"https:\/\/ipselectronica.cl\/web\/producto\/base-rele-riel-din-para-serie-56-y-86-96-74\/","title":{"rendered":"Base Rel\u00e9 Riel DIN para Serie 56 y 86  96.74"},"content":{"rendered":"<p class=\"card-component-module_title__bVV1D \"><strong>Especificaciones<\/strong><\/p>\n<div class=\"product-detail-page-component_spec-list__r_evK \">\n<div class=\"product-detail-page-component_spec__2he5t\">\n<div class=\"single-data-product product\">\n<div class=\"title\">\n<div class=\"single-data-product product\">\n<div class=\"title\">\n<ul>\n<li>Descripci\u00f3n comercial: Z\u00f3calo con bornes de tornillo a pletina, color azul, para rel\u00e9s Tipo 56.34. Adecuado para montaje en panel o en carril de 35 mm (EN 60715). Disponible en negro con el c\u00f3digo 94.74.0<\/li>\n<\/ul>\n<\/div>\n<\/div>\n<div class=\"single-data-product product\">\n<div class=\"title\">\n<ul>\n<li>Descripci\u00f3n t\u00e9cnica: Z\u00f3calo con bornes a pletina montaje en panel o carril de 35 mm (EN 60715)<\/li>\n<\/ul>\n<\/div>\n<\/div>\n<div class=\"single-data-product product\">\n<div class=\"title\">\n<ul>\n<li>Dimensiones: 46x78x30 mm<\/li>\n<\/ul>\n<\/div>\n<\/div>\n<div class=\"single-data-product product\">\n<div class=\"title\">\n<ul>\n<li>Temperatura ambiente: -40&#8230;70 \u00b0C<\/li>\n<\/ul>\n<\/div>\n<\/div>\n<\/div>\n<\/div>\n<div class=\"single-data-product data-homologations homologations-image\">\n<div class=\"title\">\n<ul>\n<li>Homologaciones\/certificaciones (seg\u00fan tipo)<\/li>\n<\/ul>\n<\/div>\n<\/div>\n<\/div>\n<\/div>\n<div><\/div>\n<div><\/div>\n<div class=\"product-detail-page-component_spec-list__r_evK \">\n<div class=\"product-detail-page-component_spec__2he5t\">\n<div class=\"single-data-product data-homologations homologations-image\">\n<div class=\"data\">\n<div><img decoding=\"async\" class=\"\" src=\"https:\/\/cdn.findernet.com\/app\/uploads\/2020\/04\/15130944\/EAC-1.png\" alt=\"img\" width=\"43\" height=\"37\" \/> \u00a0<img decoding=\"async\" class=\"\" src=\"https:\/\/cdn.findernet.com\/app\/uploads\/2020\/04\/15123532\/CSA.png\" alt=\"img\" width=\"33\" height=\"37\" \/> \u00a0<img decoding=\"async\" class=\"\" src=\"https:\/\/cdn.findernet.com\/app\/uploads\/2020\/04\/15131310\/cRUus.png\" alt=\"img\" width=\"85\" height=\"37\" \/> \u00a0<img loading=\"lazy\" decoding=\"async\" class=\"\" src=\"https:\/\/cdn.findernet.com\/app\/uploads\/ukca-logo.png\" alt=\"img\" width=\"37\" height=\"37\" \/><\/div>\n<\/div>\n<\/div>\n<\/div>\n<div class=\"product-detail-page-component_spec__2he5t\">\n<p>&nbsp;<\/p>\n<\/div>\n<\/div>\n<p>Las im\u00e1genes y especificaciones, mostrados o contenidos en esta Web pueden estar sujetas a cambios.<\/p>\n","protected":false},"excerpt":{"rendered":"<p><span style=\"color: #3366ff;\"><strong>C\u00f3digo IPS: 549136<\/strong><\/span><\/p>\n<p>Modelo: 96.74<\/p>\n","protected":false},"featured_media":11574,"template":"","meta":{"_joinchat":[]},"product_brand":[],"product_cat":[580,576],"product_tag":[422,416,423],"class_list":{"0":"post-11571","1":"product","2":"type-product","3":"status-publish","4":"has-post-thumbnail","6":"product_cat-base-accesorios","7":"product_cat-rele-electromecanico","8":"product_tag-finder","9":"product_tag-reles","10":"product_tag-reles-finder","12":"first","13":"instock","14":"taxable","15":"shipping-taxable","16":"product-type-simple"},"_links":{"self":[{"href":"https:\/\/ipselectronica.cl\/web\/wp-json\/wp\/v2\/product\/11571","targetHints":{"allow":["GET"]}}],"collection":[{"href":"https:\/\/ipselectronica.cl\/web\/wp-json\/wp\/v2\/product"}],"about":[{"href":"https:\/\/ipselectronica.cl\/web\/wp-json\/wp\/v2\/types\/product"}],"wp:featuredmedia":[{"embeddable":true,"href":"https:\/\/ipselectronica.cl\/web\/wp-json\/wp\/v2\/media\/11574"}],"wp:attachment":[{"href":"https:\/\/ipselectronica.cl\/web\/wp-json\/wp\/v2\/media?parent=11571"}],"wp:term":[{"taxonomy":"product_brand","embeddable":true,"href":"https:\/\/ipselectronica.cl\/web\/wp-json\/wp\/v2\/product_brand?post=11571"},{"taxonomy":"product_cat","embeddable":true,"href":"https:\/\/ipselectronica.cl\/web\/wp-json\/wp\/v2\/product_cat?post=11571"},{"taxonomy":"product_tag","embeddable":true,"href":"https:\/\/ipselectronica.cl\/web\/wp-json\/wp\/v2\/product_tag?post=11571"}],"curies":[{"name":"wp","href":"https:\/\/api.w.org\/{rel}","templated":true}]}}