{"id":11543,"date":"2024-06-12T15:15:55","date_gmt":"2024-06-12T18:15:55","guid":{"rendered":"https:\/\/ipselectronica.cl\/web\/?post_type=product&#038;p=11543"},"modified":"2024-06-12T15:16:56","modified_gmt":"2024-06-12T18:16:56","slug":"rele-24vdc-10a-3pdt-undecal-60-13-9-024-0040","status":"publish","type":"product","link":"https:\/\/ipselectronica.cl\/web\/producto\/rele-24vdc-10a-3pdt-undecal-60-13-9-024-0040\/","title":{"rendered":"Rel\u00e9 24VDC 10A 3PDT UNDECAL 60.13.9.024.0040"},"content":{"rendered":"<p><strong>Especificaciones<\/strong><\/p>\n<div class=\"single-data-product product\">\n<div class=\"title\">\n<ul>\n<li>Aislamiento bobina\/contactos: 3.6 kV<\/li>\n<\/ul>\n<\/div>\n<\/div>\n<div class=\"single-data-product product\">\n<div class=\"title\">\n<ul>\n<li>Campo de funcionamiento ac: &#8211;<\/li>\n<\/ul>\n<\/div>\n<\/div>\n<div class=\"single-data-product product\">\n<div class=\"title\">\n<ul>\n<li>Campo de funcionamiento dc: 19.2&#8230;26.4 V<\/li>\n<\/ul>\n<\/div>\n<\/div>\n<div class=\"single-data-product product\">\n<div class=\"title\">\n<ul>\n<li>Configuraci\u00f3n de contactos: 3 contactos, Contacto conmutado<\/li>\n<\/ul>\n<\/div>\n<\/div>\n<div class=\"single-data-product product\">\n<div class=\"title\">\n<ul>\n<li>Corriente nominal del contacto: 10 A<\/li>\n<\/ul>\n<\/div>\n<\/div>\n<div class=\"single-data-product product\">\n<div class=\"title\">\n<ul>\n<li>Descripci\u00f3n comercial: Rel\u00e9 industrial de 3 contactos de 10 A, Undecal, apto para montaje enchufado en un z\u00f3calo de la serie 90. Bobina de CA o CC, contactos sin cadmio, equipado con pulsador de prueba bloqueable e indicador mec\u00e1nico (versi\u00f3n est\u00e1ndar).<\/li>\n<\/ul>\n<\/div>\n<\/div>\n<div class=\"single-data-product product\">\n<div class=\"title\">\n<ul>\n<li>Descripci\u00f3n t\u00e9cnica: Rel\u00e9s industriales, Enchufable en z\u00f3calo octal \/ undecal, 3 contactos, Contacto conmutado, 10 A, AgNi, Bobina DC, 24 V, funcionamiento &#8211; de 19.2 a 26.4 V, potencia nominal 1.3 W, resistencia 445 \u03a9, absorbida 53.9 mA, tensi\u00f3n de mantenimiento 12 V, tensi\u00f3n de desconexi\u00f3n 2.4 V, variantes: Pulsador de prueba + indicador mec\u00e1nico, temperatura ambiente de -40 a +70 \u00b0C<\/li>\n<\/ul>\n<\/div>\n<\/div>\n<div class=\"single-data-product product\">\n<div class=\"title\">\n<ul>\n<li>Dimensiones: 32.5&#215;54.2&#215;36.4 mm<\/li>\n<\/ul>\n<\/div>\n<\/div>\n<div class=\"single-data-product product\">\n<div class=\"title\">\n<ul>\n<li>Potencia nominal ac: &#8211;<\/li>\n<\/ul>\n<\/div>\n<\/div>\n<div class=\"single-data-product product\">\n<div class=\"title\">\n<ul>\n<li>Potencia nominal dc: 1.3 W<\/li>\n<\/ul>\n<\/div>\n<\/div>\n<div class=\"single-data-product product\">\n<div class=\"title\">\n<ul>\n<li>Temperatura ambiente: -40&#8230;70 \u00b0C<\/li>\n<\/ul>\n<\/div>\n<\/div>\n<div class=\"single-data-product product\">\n<div class=\"title\">\n<ul>\n<li>Tensi\u00f3n nominal de alimentaci\u00f3n ac: &#8211;<\/li>\n<\/ul>\n<\/div>\n<\/div>\n<div class=\"single-data-product product\">\n<div class=\"title\">\n<ul>\n<li>Tensi\u00f3n nominal de alimentaci\u00f3n dc: 24 V<\/li>\n<\/ul>\n<\/div>\n<\/div>\n<div class=\"single-data-product product\">\n<div class=\"title\">\n<ul>\n<li>Tensi\u00f3n nominal de contactos: 250 V AC<\/li>\n<\/ul>\n<\/div>\n<\/div>\n<div class=\"single-data-product product\">\n<div class=\"title\">\n<ul>\n<li>Tipo de alimentaci\u00f3n: Bobina DC<\/li>\n<\/ul>\n<\/div>\n<\/div>\n<div class=\"single-data-product product\">\n<div class=\"title\">\n<ul>\n<li>Vida \u00fatil el\u00e9ctrica: 200000 cycles<\/li>\n<\/ul>\n<\/div>\n<\/div>\n<div class=\"single-data-product data-homologations homologations-image\">\n<div class=\"title\">\n<ul>\n<li>Homologaciones\/certificaciones (seg\u00fan tipo)<\/li>\n<\/ul>\n<\/div>\n<\/div>\n<div><\/div>\n<div><\/div>\n<div class=\"single-data-product data-homologations homologations-image\">\n<div class=\"data\">\n<div><img decoding=\"async\" class=\"\" src=\"https:\/\/cdn.findernet.com\/app\/uploads\/2020\/04\/15124621\/CE-2.png\" alt=\"img\" width=\"51\" height=\"37\" \/> \u00a0<img decoding=\"async\" class=\"\" src=\"https:\/\/cdn.findernet.com\/app\/uploads\/2020\/07\/09172307\/ENEC.png\" alt=\"img\" width=\"65\" height=\"37\" \/><img decoding=\"async\" class=\"\" src=\"https:\/\/cdn.findernet.com\/app\/uploads\/2020\/04\/15125058\/LLOYD.png\" alt=\"img\" width=\"65\" height=\"37\" \/><img loading=\"lazy\" decoding=\"async\" class=\"\" src=\"https:\/\/cdn.findernet.com\/app\/uploads\/2020\/04\/15130944\/EAC-1.png\" alt=\"img\" width=\"43\" height=\"37\" \/> \u00a0<img loading=\"lazy\" decoding=\"async\" class=\"\" src=\"https:\/\/cdn.findernet.com\/app\/uploads\/2020\/04\/15123532\/CSA.png\" alt=\"img\" width=\"33\" height=\"37\" \/> \u00a0<img loading=\"lazy\" decoding=\"async\" class=\"\" src=\"https:\/\/cdn.findernet.com\/app\/uploads\/2020\/04\/15131310\/cRUus.png\" alt=\"img\" width=\"85\" height=\"37\" \/> \u00a0<img loading=\"lazy\" decoding=\"async\" class=\"\" src=\"https:\/\/cdn.findernet.com\/app\/uploads\/2020\/07\/09154341\/RINA.png\" alt=\"img\" width=\"126\" height=\"37\" \/> \u00a0<img loading=\"lazy\" decoding=\"async\" class=\"\" src=\"https:\/\/cdn.findernet.com\/app\/uploads\/2020\/04\/15125839\/CCC-1.png\" alt=\"img\" width=\"47\" height=\"37\" \/> \u00a0<img loading=\"lazy\" decoding=\"async\" class=\"\" src=\"https:\/\/cdn.findernet.com\/app\/uploads\/2020\/04\/15125644\/VDE.png\" alt=\"img\" width=\"37\" height=\"37\" \/><img loading=\"lazy\" decoding=\"async\" class=\"\" src=\"https:\/\/cdn.findernet.com\/app\/uploads\/ukca-logo.png\" alt=\"img\" width=\"37\" height=\"37\" \/><\/div>\n<\/div>\n<\/div>\n<div><\/div>\n<div>Las im\u00e1genes y especificaciones, mostrados o contenidos en esta Web pueden estar sujetas a cambios.<\/div>\n","protected":false},"excerpt":{"rendered":"<p><span style=\"color: #3366ff;\"><strong>C\u00f3digo IPS: 540118<\/strong><\/span><\/p>\n<p>Modelo: 60.13.9.024.0040<\/p>\n","protected":false},"featured_media":11544,"template":"","meta":{"_joinchat":[]},"product_brand":[],"product_cat":[577,576,593],"product_tag":[422,416,423],"class_list":{"0":"post-11543","1":"product","2":"type-product","3":"status-publish","4":"has-post-thumbnail","6":"product_cat-finder","7":"product_cat-rele-electromecanico","8":"product_cat-finder-serie-60","9":"product_tag-finder","10":"product_tag-reles","11":"product_tag-reles-finder","13":"first","14":"instock","15":"taxable","16":"shipping-taxable","17":"product-type-simple"},"_links":{"self":[{"href":"https:\/\/ipselectronica.cl\/web\/wp-json\/wp\/v2\/product\/11543","targetHints":{"allow":["GET"]}}],"collection":[{"href":"https:\/\/ipselectronica.cl\/web\/wp-json\/wp\/v2\/product"}],"about":[{"href":"https:\/\/ipselectronica.cl\/web\/wp-json\/wp\/v2\/types\/product"}],"wp:featuredmedia":[{"embeddable":true,"href":"https:\/\/ipselectronica.cl\/web\/wp-json\/wp\/v2\/media\/11544"}],"wp:attachment":[{"href":"https:\/\/ipselectronica.cl\/web\/wp-json\/wp\/v2\/media?parent=11543"}],"wp:term":[{"taxonomy":"product_brand","embeddable":true,"href":"https:\/\/ipselectronica.cl\/web\/wp-json\/wp\/v2\/product_brand?post=11543"},{"taxonomy":"product_cat","embeddable":true,"href":"https:\/\/ipselectronica.cl\/web\/wp-json\/wp\/v2\/product_cat?post=11543"},{"taxonomy":"product_tag","embeddable":true,"href":"https:\/\/ipselectronica.cl\/web\/wp-json\/wp\/v2\/product_tag?post=11543"}],"curies":[{"name":"wp","href":"https:\/\/api.w.org\/{rel}","templated":true}]}}