{"id":11537,"date":"2024-06-11T14:52:34","date_gmt":"2024-06-11T17:52:34","guid":{"rendered":"https:\/\/ipselectronica.cl\/web\/?post_type=product&#038;p=11537"},"modified":"2024-07-01T12:57:32","modified_gmt":"2024-07-01T15:57:32","slug":"rele-230vac-12a-dpdt-8p-56-32-8-230-0040","status":"publish","type":"product","link":"https:\/\/ipselectronica.cl\/web\/producto\/rele-230vac-12a-dpdt-8p-56-32-8-230-0040\/","title":{"rendered":"Rel\u00e9 230VAC 12A DPDT 8P 56.32.8.230.0040"},"content":{"rendered":"<p><strong>Especificaciones<\/strong><\/p>\n<div class=\"single-data-product product\">\n<div class=\"title\">\n<ul>\n<li>Aislamiento bobina\/contactos: 4 kV<\/li>\n<\/ul>\n<\/div>\n<\/div>\n<div class=\"single-data-product product\">\n<div class=\"title\">\n<ul>\n<li>Campo de funcionamiento ac: 184&#8230;253 V<\/li>\n<\/ul>\n<\/div>\n<\/div>\n<div class=\"single-data-product product\">\n<div class=\"title\">\n<ul>\n<li>Campo de funcionamiento dc: &#8211;<\/li>\n<\/ul>\n<\/div>\n<\/div>\n<div class=\"single-data-product product\">\n<div class=\"title\">\n<ul>\n<li>Configuraci\u00f3n de contactos: 2 contactos, Contacto conmutado<\/li>\n<\/ul>\n<\/div>\n<\/div>\n<div class=\"single-data-product product\">\n<div class=\"title\">\n<ul>\n<li>Corriente nominal del contacto: 12 A<\/li>\n<\/ul>\n<\/div>\n<\/div>\n<div class=\"single-data-product product\">\n<div class=\"title\">\n<ul>\n<li>Descripci\u00f3n comercial: Rel\u00e9 de potencia de 12 A, 2 contactos conmutados, adecuado para montaje en z\u00f3calo de la Serie 96\/Faston 187. Posibilidad de fijaci\u00f3n con aleta, con Faston 187, 4,8 x 0,5 mm. Equipado con bobina de CA o CC, pulsador de prueba bloqueable e indicador mec\u00e1nico. Patente Europea.<\/li>\n<\/ul>\n<\/div>\n<\/div>\n<div class=\"single-data-product product\">\n<div class=\"title\">\n<ul>\n<li>Descripci\u00f3n t\u00e9cnica: Rel\u00e9s de potencia, Enchufable en z\u00f3calo, 2 contactos, Contacto conmutado, 12 A, AgNi, Bobina AC, 230 V, funcionamiento &#8211; de 184 a 253 V, potencia nominal 1.5 VA, resistencia 17000 \u03a9, absorbida 6 mA, tensi\u00f3n de mantenimiento 184 V, tensi\u00f3n de desconexi\u00f3n 46 V, variantes: Pulsador de prueba + indicador mec\u00e1nico, temperatura ambiente de -40 a +70 \u00b0C<\/li>\n<\/ul>\n<\/div>\n<\/div>\n<div class=\"single-data-product product\">\n<div class=\"title\">\n<ul>\n<li>Dimensiones: 20.7&#215;37.2&#215;27.7 mm<\/li>\n<\/ul>\n<\/div>\n<\/div>\n<div class=\"single-data-product product\">\n<div class=\"title\">\n<ul>\n<li>Potencia nominal ac: 1.5 VA<\/li>\n<\/ul>\n<\/div>\n<\/div>\n<div class=\"single-data-product product\">\n<div class=\"title\">\n<ul>\n<li>Potencia nominal dc: &#8211;<\/li>\n<\/ul>\n<\/div>\n<\/div>\n<div class=\"single-data-product product\">\n<div class=\"title\">\n<ul>\n<li>Temperatura ambiente: -40&#8230;70 \u00b0C<\/li>\n<\/ul>\n<\/div>\n<\/div>\n<div class=\"single-data-product product\">\n<div class=\"title\">\n<ul>\n<li>Tensi\u00f3n nominal de alimentaci\u00f3n ac: 230 V<\/li>\n<\/ul>\n<\/div>\n<\/div>\n<div class=\"single-data-product product\">\n<div class=\"title\">\n<ul>\n<li>Tensi\u00f3n nominal de alimentaci\u00f3n dc: &#8211;<\/li>\n<\/ul>\n<\/div>\n<\/div>\n<div class=\"single-data-product product\">\n<div class=\"title\">\n<ul>\n<li>Tensi\u00f3n nominal de contactos: 250 V AC<\/li>\n<\/ul>\n<\/div>\n<\/div>\n<div class=\"single-data-product product\">\n<div class=\"title\">\n<ul>\n<li>Tipo de alimentaci\u00f3n: Bobina AC<\/li>\n<\/ul>\n<\/div>\n<\/div>\n<div class=\"single-data-product product\">\n<div class=\"title\">\n<ul>\n<li>Vida \u00fatil el\u00e9ctrica: 100000 cycles<\/li>\n<\/ul>\n<\/div>\n<\/div>\n<div class=\"single-data-product data-homologations homologations-image\">\n<div class=\"title\">\n<ul>\n<li>Homologaciones\/certificaciones (seg\u00fan tipo)<\/li>\n<\/ul>\n<\/div>\n<\/div>\n<div><\/div>\n<div><\/div>\n<div class=\"single-data-product data-homologations homologations-image\">\n<div class=\"data\">\n<div><img decoding=\"async\" class=\"\" src=\"https:\/\/cdn.findernet.com\/app\/uploads\/2020\/04\/15124621\/CE-2.png\" alt=\"img\" width=\"51\" height=\"37\" \/> \u00a0<img decoding=\"async\" class=\"\" src=\"https:\/\/cdn.findernet.com\/app\/uploads\/2020\/07\/09172307\/ENEC.png\" alt=\"img\" width=\"65\" height=\"37\" \/> \u00a0<img decoding=\"async\" class=\"\" src=\"https:\/\/cdn.findernet.com\/app\/uploads\/2020\/04\/15130944\/EAC-1.png\" alt=\"img\" width=\"43\" height=\"37\" \/><img loading=\"lazy\" decoding=\"async\" class=\"\" src=\"https:\/\/cdn.findernet.com\/app\/uploads\/2020\/04\/15125058\/LLOYD.png\" alt=\"img\" width=\"65\" height=\"37\" \/><img loading=\"lazy\" decoding=\"async\" class=\"\" src=\"https:\/\/cdn.findernet.com\/app\/uploads\/2020\/04\/15131310\/cRUus.png\" alt=\"img\" width=\"85\" height=\"37\" \/> \u00a0<img loading=\"lazy\" decoding=\"async\" class=\"\" src=\"https:\/\/cdn.findernet.com\/app\/uploads\/2020\/04\/15123532\/CSA.png\" alt=\"img\" width=\"33\" height=\"37\" \/> \u00a0<img loading=\"lazy\" decoding=\"async\" class=\"\" src=\"https:\/\/cdn.findernet.com\/app\/uploads\/2020\/07\/09154341\/RINA.png\" alt=\"img\" width=\"126\" height=\"37\" \/> \u00a0<img loading=\"lazy\" decoding=\"async\" class=\"\" src=\"https:\/\/cdn.findernet.com\/app\/uploads\/ukca-logo.png\" alt=\"img\" width=\"37\" height=\"37\" \/> \u00a0<img loading=\"lazy\" decoding=\"async\" class=\"\" src=\"https:\/\/cdn.findernet.com\/app\/uploads\/2020\/04\/15125644\/VDE.png\" alt=\"img\" width=\"37\" height=\"37\" \/> \u00a0<img loading=\"lazy\" decoding=\"async\" class=\"\" src=\"https:\/\/cdn.findernet.com\/app\/uploads\/2020\/04\/15125839\/CCC-1.png\" alt=\"img\" width=\"47\" height=\"37\" \/><\/div>\n<\/div>\n<\/div>\n<div><\/div>\n<div>Las im\u00e1genes y especificaciones, mostrados o contenidos en esta Web pueden estar sujetas a cambios.<\/div>\n","protected":false},"excerpt":{"rendered":"<p><span style=\"color: #3366ff;\"><strong>C\u00f3digo IPS: 540144<\/strong><\/span><\/p>\n<p>Modelo: 56.32.8.230.0040<\/p>\n","protected":false},"featured_media":11539,"template":"","meta":{"_joinchat":[]},"product_brand":[],"product_cat":[577,576,592],"product_tag":[422,416,423],"class_list":{"0":"post-11537","1":"product","2":"type-product","3":"status-publish","4":"has-post-thumbnail","6":"product_cat-finder","7":"product_cat-rele-electromecanico","8":"product_cat-finder-serie-56","9":"product_tag-finder","10":"product_tag-reles","11":"product_tag-reles-finder","13":"first","14":"instock","15":"taxable","16":"shipping-taxable","17":"product-type-simple"},"_links":{"self":[{"href":"https:\/\/ipselectronica.cl\/web\/wp-json\/wp\/v2\/product\/11537","targetHints":{"allow":["GET"]}}],"collection":[{"href":"https:\/\/ipselectronica.cl\/web\/wp-json\/wp\/v2\/product"}],"about":[{"href":"https:\/\/ipselectronica.cl\/web\/wp-json\/wp\/v2\/types\/product"}],"wp:featuredmedia":[{"embeddable":true,"href":"https:\/\/ipselectronica.cl\/web\/wp-json\/wp\/v2\/media\/11539"}],"wp:attachment":[{"href":"https:\/\/ipselectronica.cl\/web\/wp-json\/wp\/v2\/media?parent=11537"}],"wp:term":[{"taxonomy":"product_brand","embeddable":true,"href":"https:\/\/ipselectronica.cl\/web\/wp-json\/wp\/v2\/product_brand?post=11537"},{"taxonomy":"product_cat","embeddable":true,"href":"https:\/\/ipselectronica.cl\/web\/wp-json\/wp\/v2\/product_cat?post=11537"},{"taxonomy":"product_tag","embeddable":true,"href":"https:\/\/ipselectronica.cl\/web\/wp-json\/wp\/v2\/product_tag?post=11537"}],"curies":[{"name":"wp","href":"https:\/\/api.w.org\/{rel}","templated":true}]}}