{"id":11506,"date":"2024-06-04T16:00:53","date_gmt":"2024-06-04T19:00:53","guid":{"rendered":"https:\/\/ipselectronica.cl\/web\/?post_type=product&#038;p=11506"},"modified":"2024-07-01T17:20:53","modified_gmt":"2024-07-01T20:20:53","slug":"rele-24vdc-7a-4pdt-14p-con-led-55-34-9-024-0094","status":"publish","type":"product","link":"https:\/\/ipselectronica.cl\/web\/producto\/rele-24vdc-7a-4pdt-14p-con-led-55-34-9-024-0094\/","title":{"rendered":"Rel\u00e9 24VDC 7A 4PDT 14P con Indicador LED 55.34.9.024.0094"},"content":{"rendered":"<p><strong>Especificaciones<\/strong><\/p>\n<div class=\"single-data-product product\">\n<div class=\"title\">\n<ul>\n<li>Aislamiento bobina\/contactos: 4 kV<\/li>\n<\/ul>\n<\/div>\n<\/div>\n<div class=\"single-data-product product\">\n<div class=\"title\">\n<ul>\n<li>Campo de funcionamiento ac: &#8211;<\/li>\n<\/ul>\n<\/div>\n<\/div>\n<div class=\"single-data-product product\">\n<div class=\"title\">\n<ul>\n<li>Campo de funcionamiento dc: 19.2&#8230;26.4 V<\/li>\n<\/ul>\n<\/div>\n<\/div>\n<div class=\"single-data-product product\">\n<div class=\"title\">\n<ul>\n<li>Configuraci\u00f3n de contactos: 4 contactos, Contacto conmutado<\/li>\n<\/ul>\n<\/div>\n<\/div>\n<div class=\"single-data-product product\">\n<div class=\"title\">\n<ul>\n<li>Corriente nominal del contacto: 7 A<\/li>\n<\/ul>\n<\/div>\n<\/div>\n<div class=\"single-data-product product\">\n<div class=\"title\">\n<ul>\n<li>Descripci\u00f3n comercial: Rel\u00e9 industrial de uso general adecuado para montaje en z\u00f3calo de la serie 94, con 4 contactos conmutados de 7 A. Equipado con bobina de CA o CC, pulsador de prueba bloqueable e indicador mec\u00e1nico est\u00e1ndar en 2 y 4 contactos. Variante con LED y m\u00f3dulo de protecci\u00f3n integrado. Adaptadores disponibles para montaje alternativo. Patente europea.<\/li>\n<\/ul>\n<\/div>\n<\/div>\n<div class=\"single-data-product product\">\n<div class=\"title\">\n<ul>\n<li>Descripci\u00f3n t\u00e9cnica: Rel\u00e9s industriales, Enchufable en z\u00f3calo, 4 contactos, 7 A, Bobina DC, 24 V, funcionamiento &#8211; de 19.2 a 26.4 V, potencia nominal 1 W, resistencia 600 \u03a9, absorbida 40 mA, tensi\u00f3n de mantenimiento 12 V, tensi\u00f3n de desconexi\u00f3n 2.4 V, Material de contactos: AgNi, Contacto conmutado, Variantes: Pulsador de prueba + LED + diodo (DC, positivo en A1\/A13) + indicador mec\u00e1nico, temperatura ambiente de -40 a +85 \u00b0C<\/li>\n<\/ul>\n<\/div>\n<\/div>\n<div class=\"single-data-product product\">\n<div class=\"title\">\n<ul>\n<li>Dimensiones: 20.7&#215;37.2&#215;27.7 mm<\/li>\n<\/ul>\n<\/div>\n<\/div>\n<div class=\"single-data-product product\">\n<div class=\"title\">\n<ul>\n<li>Potencia nominal ac: &#8211;<\/li>\n<\/ul>\n<\/div>\n<\/div>\n<div class=\"single-data-product product\">\n<div class=\"title\">\n<ul>\n<li>Potencia nominal dc: 1 W<\/li>\n<\/ul>\n<\/div>\n<\/div>\n<div class=\"single-data-product product\">\n<div class=\"title\">\n<ul>\n<li>Temperatura ambiente: -40&#8230;85 \u00b0C<\/li>\n<\/ul>\n<\/div>\n<\/div>\n<div class=\"single-data-product product\">\n<div class=\"title\">\n<ul>\n<li>Tensi\u00f3n nominal de alimentaci\u00f3n ac: &#8211;<\/li>\n<\/ul>\n<\/div>\n<\/div>\n<div class=\"single-data-product product\">\n<div class=\"title\">\n<ul>\n<li>Tensi\u00f3n nominal de alimentaci\u00f3n dc: 24 V<\/li>\n<\/ul>\n<\/div>\n<\/div>\n<div class=\"single-data-product product\">\n<div class=\"title\">\n<ul>\n<li>Tensi\u00f3n nominal de contactos: 250 V AC<\/li>\n<\/ul>\n<\/div>\n<\/div>\n<div class=\"single-data-product product\">\n<div class=\"title\">\n<ul>\n<li>Tipo de alimentaci\u00f3n: Bobina DC<\/li>\n<\/ul>\n<\/div>\n<\/div>\n<div class=\"single-data-product product\">\n<div class=\"title\">\n<ul>\n<li>Vida \u00fatil el\u00e9ctrica: 150000 cycles<\/li>\n<\/ul>\n<\/div>\n<\/div>\n<div class=\"single-data-product data-homologations homologations-image\">\n<div class=\"title\">\n<ul>\n<li>Homologaciones\/certificaciones (seg\u00fan tipo)<\/li>\n<\/ul>\n<div><\/div>\n<\/div>\n<div class=\"data\">\n<div><img decoding=\"async\" class=\"\" src=\"https:\/\/cdn.findernet.com\/app\/uploads\/2020\/04\/15124621\/CE-2.png\" alt=\"img\" width=\"50\" height=\"36\" \/> \u00a0<img decoding=\"async\" class=\"\" src=\"https:\/\/cdn.findernet.com\/app\/uploads\/2020\/07\/09172307\/ENEC.png\" alt=\"img\" width=\"67\" height=\"38\" \/><img decoding=\"async\" class=\"\" src=\"https:\/\/cdn.findernet.com\/app\/uploads\/2020\/04\/15130944\/EAC-1.png\" alt=\"img\" width=\"42\" height=\"37\" \/> \u00a0<img loading=\"lazy\" decoding=\"async\" class=\"\" src=\"https:\/\/cdn.findernet.com\/app\/uploads\/2020\/04\/15123532\/CSA.png\" alt=\"img\" width=\"34\" height=\"38\" \/><img loading=\"lazy\" decoding=\"async\" class=\"\" src=\"https:\/\/cdn.findernet.com\/app\/uploads\/2020\/04\/15125058\/LLOYD.png\" alt=\"img\" width=\"79\" height=\"45\" \/><img loading=\"lazy\" decoding=\"async\" class=\"\" src=\"https:\/\/cdn.findernet.com\/app\/uploads\/2020\/04\/15131310\/cRUus.png\" alt=\"img\" width=\"96\" height=\"42\" \/> \u00a0<img loading=\"lazy\" decoding=\"async\" class=\"\" src=\"https:\/\/cdn.findernet.com\/app\/uploads\/2020\/07\/09154341\/RINA.png\" alt=\"img\" width=\"140\" height=\"41\" \/><img loading=\"lazy\" decoding=\"async\" class=\"\" src=\"https:\/\/cdn.findernet.com\/app\/uploads\/2020\/04\/15125644\/VDE.png\" alt=\"img\" width=\"43\" height=\"43\" \/> <img loading=\"lazy\" decoding=\"async\" class=\"\" src=\"https:\/\/cdn.findernet.com\/app\/uploads\/ukca-logo.png\" alt=\"img\" width=\"45\" height=\"45\" \/> <img loading=\"lazy\" decoding=\"async\" class=\"\" src=\"https:\/\/cdn.findernet.com\/app\/uploads\/2020\/04\/15125839\/CCC-1.png\" alt=\"img\" width=\"55\" height=\"44\" \/><img loading=\"lazy\" decoding=\"async\" class=\"\" src=\"https:\/\/cdn.findernet.com\/app\/uploads\/RUSSIAN-MARITME-REGISTER-OF-SHIPPING.png\" alt=\"img\" width=\"64\" height=\"46\" \/><\/div>\n<div><\/div>\n<div><\/div>\n<div>Las im\u00e1genes y especificaciones, mostrados o contenidos en esta Web pueden estar sujetas a cambios.<\/div>\n<\/div>\n<\/div>\n","protected":false},"excerpt":{"rendered":"<p><span style=\"color: #3366ff;\"><strong>C\u00f3digo IPS: 540117<\/strong><\/span><\/p>\n<p>Modelo: 55.34.9.024.0094<\/p>\n","protected":false},"featured_media":11508,"template":"","meta":{"_joinchat":[]},"product_brand":[],"product_cat":[577,576,591],"product_tag":[422,416,423],"class_list":{"0":"post-11506","1":"product","2":"type-product","3":"status-publish","4":"has-post-thumbnail","6":"product_cat-finder","7":"product_cat-rele-electromecanico","8":"product_cat-finder-serie-55","9":"product_tag-finder","10":"product_tag-reles","11":"product_tag-reles-finder","13":"first","14":"instock","15":"taxable","16":"shipping-taxable","17":"product-type-simple"},"_links":{"self":[{"href":"https:\/\/ipselectronica.cl\/web\/wp-json\/wp\/v2\/product\/11506","targetHints":{"allow":["GET"]}}],"collection":[{"href":"https:\/\/ipselectronica.cl\/web\/wp-json\/wp\/v2\/product"}],"about":[{"href":"https:\/\/ipselectronica.cl\/web\/wp-json\/wp\/v2\/types\/product"}],"wp:featuredmedia":[{"embeddable":true,"href":"https:\/\/ipselectronica.cl\/web\/wp-json\/wp\/v2\/media\/11508"}],"wp:attachment":[{"href":"https:\/\/ipselectronica.cl\/web\/wp-json\/wp\/v2\/media?parent=11506"}],"wp:term":[{"taxonomy":"product_brand","embeddable":true,"href":"https:\/\/ipselectronica.cl\/web\/wp-json\/wp\/v2\/product_brand?post=11506"},{"taxonomy":"product_cat","embeddable":true,"href":"https:\/\/ipselectronica.cl\/web\/wp-json\/wp\/v2\/product_cat?post=11506"},{"taxonomy":"product_tag","embeddable":true,"href":"https:\/\/ipselectronica.cl\/web\/wp-json\/wp\/v2\/product_tag?post=11506"}],"curies":[{"name":"wp","href":"https:\/\/api.w.org\/{rel}","templated":true}]}}