{"id":11049,"date":"2023-06-12T17:29:50","date_gmt":"2023-06-12T20:29:50","guid":{"rendered":"https:\/\/ipselectronica.cl\/web\/?post_type=product&#038;p=11049"},"modified":"2023-10-17T12:16:53","modified_gmt":"2023-10-17T15:16:53","slug":"sensor-supresor-de-fondo-31x20x11-m8-2-20cm-pnp-l-d-e3z-ls86","status":"publish","type":"product","link":"https:\/\/ipselectronica.cl\/web\/producto\/sensor-supresor-de-fondo-31x20x11-m8-2-20cm-pnp-l-d-e3z-ls86\/","title":{"rendered":"Sensor Supresor de Fondo 31x20x11 M8 2-20CM. PNP L\/D E3Z-LS86"},"content":{"rendered":"<p class=\"card-component-module_title__bVV1D \"><strong>Especificaciones<\/strong><\/p>\n<div class=\"product-detail-page-component_spec-list__r_evK \">\n<div class=\"product-detail-page-component_spec__2he5t\">\n<p class=\"snippet product-detail-page-component_label__3S-Gu\">Fabricante:\u00a0Omron<\/p>\n<\/div>\n<div class=\"product-detail-page-component_spec__2he5t\">\n<p class=\"snippet product-detail-page-component_label__3S-Gu\">Estilo de Sensor:\u00a0Bloque<\/p>\n<\/div>\n<div class=\"product-detail-page-component_spec__2he5t\">\n<p class=\"snippet product-detail-page-component_label__3S-Gu\">Tipo de Detecci\u00f3n:\u00a0Supresi\u00f3n de fondo<\/p>\n<\/div>\n<div class=\"product-detail-page-component_spec__2he5t\">\n<p class=\"snippet product-detail-page-component_label__3S-Gu\">Rango de Detecci\u00f3n:\u00a020 mm \u2192 200 mm<\/p>\n<\/div>\n<div class=\"product-detail-page-component_spec__2he5t\">\n<p class=\"snippet product-detail-page-component_label__3S-Gu\">Output Type:\u00a0PNP<\/p>\n<\/div>\n<div class=\"product-detail-page-component_spec__2he5t\">\n<p class=\"snippet product-detail-page-component_label__3S-Gu\">Conexi\u00f3n El\u00e9ctrica:\u00a0Conector de M8 4 clavijas<\/p>\n<\/div>\n<div class=\"product-detail-page-component_spec__2he5t\">\n<p class=\"snippet product-detail-page-component_label__3S-Gu\">Tensi\u00f3n DC M\u00e1xima:\u00a026,4 V<\/p>\n<\/div>\n<div class=\"product-detail-page-component_spec__2he5t\">\n<p class=\"snippet product-detail-page-component_label__3S-Gu\">Light Source:\u00a0LED<\/p>\n<\/div>\n<div class=\"product-detail-page-component_spec__2he5t\">\n<p class=\"snippet product-detail-page-component_label__3S-Gu\">\u00cdndice de protecci\u00f3n IP:\u00a0IP67<\/p>\n<\/div>\n<div class=\"product-detail-page-component_spec__2he5t\">\n<p class=\"snippet product-detail-page-component_label__3S-Gu\">Corriente M\u00e1xima:\u00a0100 mA (conexi\u00f3n A), 100 mA (conexi\u00f3n B), 200 mA (conexi\u00f3n C)<\/p>\n<\/div>\n<div class=\"product-detail-page-component_spec__2he5t\">\n<p class=\"snippet product-detail-page-component_label__3S-Gu\">Tiempo de Respuesta:\u00a01 ms<\/p>\n<\/div>\n<div class=\"product-detail-page-component_spec__2he5t\">\n<p class=\"snippet product-detail-page-component_label__3S-Gu\">Serie:\u00a0E3Z<\/p>\n<\/div>\n<div class=\"product-detail-page-component_spec__2he5t\">\n<p class=\"snippet product-detail-page-component_label__3S-Gu\">Material de la Carcasa:\u00a0Polibutileno Tereftalato<\/p>\n<p>&nbsp;<\/p>\n<\/div>\n<div class=\"product-detail-page-component_spec__2he5t\">\n<p class=\"snippet product-detail-page-component_value__2ZiIc\">Las im\u00e1genes y especificaciones, mostrados o contenidos en esta Web pueden estar sujetas a cambios.<\/p>\n<\/div>\n<\/div>\n","protected":false},"excerpt":{"rendered":"<h5><span style=\"color: #3366ff;\">C\u00f3digo IPS: 656000<\/span><\/h5>\n<p>Modelo: E3Z-LS86<\/p>\n<p>&nbsp;<\/p>\n","protected":false},"featured_media":11050,"template":"","meta":{"_joinchat":[]},"product_brand":[],"product_cat":[340,561],"product_tag":[341],"class_list":{"0":"post-11049","1":"product","2":"type-product","3":"status-publish","4":"has-post-thumbnail","6":"product_cat-sensor-supresor-de-fondo","7":"product_cat-sensores","8":"product_tag-sensor-supresor-de-fondo","10":"first","11":"instock","12":"taxable","13":"shipping-taxable","14":"product-type-simple"},"_links":{"self":[{"href":"https:\/\/ipselectronica.cl\/web\/wp-json\/wp\/v2\/product\/11049","targetHints":{"allow":["GET"]}}],"collection":[{"href":"https:\/\/ipselectronica.cl\/web\/wp-json\/wp\/v2\/product"}],"about":[{"href":"https:\/\/ipselectronica.cl\/web\/wp-json\/wp\/v2\/types\/product"}],"wp:featuredmedia":[{"embeddable":true,"href":"https:\/\/ipselectronica.cl\/web\/wp-json\/wp\/v2\/media\/11050"}],"wp:attachment":[{"href":"https:\/\/ipselectronica.cl\/web\/wp-json\/wp\/v2\/media?parent=11049"}],"wp:term":[{"taxonomy":"product_brand","embeddable":true,"href":"https:\/\/ipselectronica.cl\/web\/wp-json\/wp\/v2\/product_brand?post=11049"},{"taxonomy":"product_cat","embeddable":true,"href":"https:\/\/ipselectronica.cl\/web\/wp-json\/wp\/v2\/product_cat?post=11049"},{"taxonomy":"product_tag","embeddable":true,"href":"https:\/\/ipselectronica.cl\/web\/wp-json\/wp\/v2\/product_tag?post=11049"}],"curies":[{"name":"wp","href":"https:\/\/api.w.org\/{rel}","templated":true}]}}