{"id":10986,"date":"2023-05-25T18:32:19","date_gmt":"2023-05-25T21:32:19","guid":{"rendered":"https:\/\/ipselectronica.cl\/web\/?post_type=product&#038;p=10986"},"modified":"2024-06-03T15:10:34","modified_gmt":"2024-06-03T18:10:34","slug":"rele-spdt-ultra-fino-bajo-consumo-6a-12vcc-34-51-7-012-0010","status":"publish","type":"product","link":"https:\/\/ipselectronica.cl\/web\/producto\/rele-spdt-ultra-fino-bajo-consumo-6a-12vcc-34-51-7-012-0010\/","title":{"rendered":"Rel\u00e9 Ultra Fino 12VDC 6A SPDT, Bajo Consumo 34.51.7.012.0010"},"content":{"rendered":"<p class=\"card-component-module_title__bVV1D \"><strong>Especificaciones<\/strong><\/p>\n<div class=\"product-detail-page-component_spec-list__r_evK product-detail-page-component_truncated__21db6\">\n<div class=\"product-detail-page-component_spec__2he5t\">\n<div class=\"single-data-product product\">\n<div class=\"title\">\n<ul>\n<li>Aislamiento bobina\/contactos: 6 kV<\/li>\n<\/ul>\n<\/div>\n<\/div>\n<div class=\"single-data-product product\">\n<div class=\"title\">\n<ul>\n<li>Configuraci\u00f3n de contactos: 1 contacto, Contacto conmutado<\/li>\n<\/ul>\n<\/div>\n<\/div>\n<div class=\"single-data-product product\">\n<div class=\"title\">\n<ul>\n<li>Corriente nominal del contacto: 6 A<\/li>\n<\/ul>\n<\/div>\n<\/div>\n<div class=\"single-data-product product\">\n<div class=\"title\">\n<ul>\n<li>Descripci\u00f3n comercial: Rel\u00e9 electromec\u00e1nico para circuito impreso ultra delgado con 1 contacto &#8211; 6 A y bobina de bajo consumo. Montaje en CI o en z\u00f3calo para carril de la Serie 93.<\/li>\n<\/ul>\n<\/div>\n<\/div>\n<div class=\"single-data-product product\">\n<div class=\"title\">\n<ul>\n<li>Descripci\u00f3n t\u00e9cnica:: Rel\u00e9 para circuito impreso 6 A, Rel\u00e9 electromec\u00e1nico (EMR), 1 contacto, Contacto conmutado, 6 A, AgNi, Bobina DC sensible, 12 V, funcionamiento &#8211; de 8.4 a 18 V, potencia nominal 0.17 W, resistencia 840 \u03a9, absorbida 14.2 mA, tensi\u00f3n de mantenimiento 4.8 V, tensi\u00f3n de desconexi\u00f3n 0.6 V, variantes: Estanco al flux (RT II), temperatura ambiente de -40 a +85 \u00b0C<\/li>\n<\/ul>\n<\/div>\n<\/div>\n<div class=\"single-data-product product\">\n<div class=\"title\">\n<ul>\n<li>Dimensiones: 5x15x28 mm<\/li>\n<\/ul>\n<\/div>\n<\/div>\n<div class=\"single-data-product product\">\n<div class=\"title\">\n<ul>\n<li>Temperatura ambiente: -40&#8230;85 \u00b0C<\/li>\n<\/ul>\n<\/div>\n<\/div>\n<div class=\"single-data-product product\">\n<div class=\"title\">\n<ul>\n<li>Tensi\u00f3n nominal de alimentaci\u00f3n dc: 12 V<\/li>\n<\/ul>\n<\/div>\n<\/div>\n<div class=\"single-data-product product\">\n<div class=\"title\">\n<ul>\n<li>Tensi\u00f3n nominal de contactos: 250 V AC<\/li>\n<\/ul>\n<\/div>\n<\/div>\n<div class=\"single-data-product product\">\n<div class=\"title\">\n<ul>\n<li>Tipo de alimentaci\u00f3n: Bobina DC sensible<\/li>\n<\/ul>\n<\/div>\n<\/div>\n<div class=\"single-data-product product\">\n<div class=\"title\">\n<ul>\n<li>Vida \u00fatil el\u00e9ctrica: 60000 cycles<\/li>\n<\/ul>\n<\/div>\n<\/div>\n<div class=\"single-data-product data-homologations homologations-image\">\n<div class=\"title\">\n<ul>\n<li>Homologaciones\/certificaciones (seg\u00fan tipo)<\/li>\n<\/ul>\n<\/div>\n<div class=\"data\">\n<div><img decoding=\"async\" class=\"\" src=\"https:\/\/cdn.findernet.com\/app\/uploads\/2020\/04\/15130944\/EAC-1.png\" alt=\"img\" width=\"54\" height=\"47\" \/>\u00a0 \u00a0 <img decoding=\"async\" class=\"\" src=\"https:\/\/cdn.findernet.com\/app\/uploads\/2020\/04\/15131310\/cRUus.png\" alt=\"img\" width=\"85\" height=\"37\" \/>\u00a0 \u00a0<img decoding=\"async\" class=\"\" src=\"https:\/\/cdn.findernet.com\/app\/uploads\/2020\/07\/09154341\/RINA.png\" alt=\"img\" width=\"113\" height=\"33\" \/>\u00a0 \u00a0<img loading=\"lazy\" decoding=\"async\" class=\"\" src=\"https:\/\/cdn.findernet.com\/app\/uploads\/2020\/04\/15125644\/VDE.png\" alt=\"img\" width=\"51\" height=\"51\" \/>\u00a0 \u00a0<img loading=\"lazy\" decoding=\"async\" class=\"\" src=\"https:\/\/cdn.findernet.com\/app\/uploads\/2020\/04\/15125839\/CCC-1.png\" alt=\"img\" width=\"59\" height=\"47\" \/><\/div>\n<\/div>\n<\/div>\n<\/div>\n<div class=\"product-detail-page-component_spec__2he5t\">\n<p>&nbsp;<\/p>\n<\/div>\n<p>Las im\u00e1genes y especificaciones, mostrados o contenidos en esta Web pueden estar sujetas a cambios.<\/p>\n<\/div>\n","protected":false},"excerpt":{"rendered":"<p><strong><span style=\"color: #3366ff;\">C\u00f3digo IPS: 540150<\/span><\/strong><\/p>\n<p>Modelo: 34.51.7.012.0010<\/p>\n<p><strong>Consultar Disponibilidad<\/strong><\/p>\n","protected":false},"featured_media":11488,"template":"","meta":{"_joinchat":[]},"product_brand":[],"product_cat":[577,576,589],"product_tag":[416,423],"class_list":{"0":"post-10986","1":"product","2":"type-product","3":"status-publish","4":"has-post-thumbnail","6":"product_cat-finder","7":"product_cat-rele-electromecanico","8":"product_cat-finder-serie-34","9":"product_tag-reles","10":"product_tag-reles-finder","12":"first","13":"instock","14":"taxable","15":"shipping-taxable","16":"product-type-simple"},"_links":{"self":[{"href":"https:\/\/ipselectronica.cl\/web\/wp-json\/wp\/v2\/product\/10986","targetHints":{"allow":["GET"]}}],"collection":[{"href":"https:\/\/ipselectronica.cl\/web\/wp-json\/wp\/v2\/product"}],"about":[{"href":"https:\/\/ipselectronica.cl\/web\/wp-json\/wp\/v2\/types\/product"}],"wp:featuredmedia":[{"embeddable":true,"href":"https:\/\/ipselectronica.cl\/web\/wp-json\/wp\/v2\/media\/11488"}],"wp:attachment":[{"href":"https:\/\/ipselectronica.cl\/web\/wp-json\/wp\/v2\/media?parent=10986"}],"wp:term":[{"taxonomy":"product_brand","embeddable":true,"href":"https:\/\/ipselectronica.cl\/web\/wp-json\/wp\/v2\/product_brand?post=10986"},{"taxonomy":"product_cat","embeddable":true,"href":"https:\/\/ipselectronica.cl\/web\/wp-json\/wp\/v2\/product_cat?post=10986"},{"taxonomy":"product_tag","embeddable":true,"href":"https:\/\/ipselectronica.cl\/web\/wp-json\/wp\/v2\/product_tag?post=10986"}],"curies":[{"name":"wp","href":"https:\/\/api.w.org\/{rel}","templated":true}]}}