{"id":10300,"date":"2022-03-30T16:06:50","date_gmt":"2022-03-30T19:06:50","guid":{"rendered":"https:\/\/ipselectronica.cl\/web\/?post_type=product&#038;p=10300"},"modified":"2024-05-17T12:18:13","modified_gmt":"2024-05-17T15:18:13","slug":"rele-ssr-125a-monofasico-22-48vdc-20-280vac-rm1a23a125","status":"publish","type":"product","link":"https:\/\/ipselectronica.cl\/web\/producto\/rele-ssr-125a-monofasico-22-48vdc-20-280vac-rm1a23a125\/","title":{"rendered":"Rel\u00e9 SSR 125A Monof\u00e1sico 22-48VDC 20-280VAC RM1A23A125"},"content":{"rendered":"<p>Las im\u00e1genes y especificaciones, mostrados o contenidos en esta Web pueden estar sujetas a cambios.<\/p>\n","protected":false},"excerpt":{"rendered":"<h5><span style=\"color: #3366ff;\">C\u00f3digo IPS: 541107<\/span><\/h5>\n<p>Modelo: RAM1A23A125<\/p>\n<p>&nbsp;<\/p>\n","protected":false},"featured_media":10302,"template":"","meta":{"_joinchat":[]},"product_brand":[],"product_cat":[583,563],"product_tag":[322,416,418],"class_list":{"0":"post-10300","1":"product","2":"type-product","3":"status-publish","4":"has-post-thumbnail","6":"product_cat-carlo-gavazzi-rele-ssr","7":"product_cat-rele-ssr","8":"product_tag-carlo-gavazzi","9":"product_tag-reles","10":"product_tag-reles-carlo-gavazzi","12":"first","13":"instock","14":"taxable","15":"shipping-taxable","16":"product-type-simple"},"_links":{"self":[{"href":"https:\/\/ipselectronica.cl\/web\/wp-json\/wp\/v2\/product\/10300","targetHints":{"allow":["GET"]}}],"collection":[{"href":"https:\/\/ipselectronica.cl\/web\/wp-json\/wp\/v2\/product"}],"about":[{"href":"https:\/\/ipselectronica.cl\/web\/wp-json\/wp\/v2\/types\/product"}],"wp:featuredmedia":[{"embeddable":true,"href":"https:\/\/ipselectronica.cl\/web\/wp-json\/wp\/v2\/media\/10302"}],"wp:attachment":[{"href":"https:\/\/ipselectronica.cl\/web\/wp-json\/wp\/v2\/media?parent=10300"}],"wp:term":[{"taxonomy":"product_brand","embeddable":true,"href":"https:\/\/ipselectronica.cl\/web\/wp-json\/wp\/v2\/product_brand?post=10300"},{"taxonomy":"product_cat","embeddable":true,"href":"https:\/\/ipselectronica.cl\/web\/wp-json\/wp\/v2\/product_cat?post=10300"},{"taxonomy":"product_tag","embeddable":true,"href":"https:\/\/ipselectronica.cl\/web\/wp-json\/wp\/v2\/product_tag?post=10300"}],"curies":[{"name":"wp","href":"https:\/\/api.w.org\/{rel}","templated":true}]}}