{"id":10298,"date":"2022-03-30T10:57:37","date_gmt":"2022-03-30T13:57:37","guid":{"rendered":"https:\/\/ipselectronica.cl\/web\/?post_type=product&#038;p=10298"},"modified":"2024-05-17T13:44:46","modified_gmt":"2024-05-17T16:44:46","slug":"rele-ssr-25a-monofasico-3-32vac-20-280vac-rm1a23a25","status":"publish","type":"product","link":"https:\/\/ipselectronica.cl\/web\/producto\/rele-ssr-25a-monofasico-3-32vac-20-280vac-rm1a23a25\/","title":{"rendered":"Rel\u00e9 SSR 25A Monof\u00e1sico 3-32VAC 20-280VAC RM1A23A25"},"content":{"rendered":"<p>Las im\u00e1genes y especificaciones, mostrados o contenidos en esta Web pueden estar sujetas a cambios.<\/p>\n","protected":false},"excerpt":{"rendered":"<h5><span style=\"color: #3366ff;\">C\u00f3digo IPS: 541110<\/span><\/h5>\n<p>Modelo: RM1A23A25<\/p>\n<p>&nbsp;<\/p>\n","protected":false},"featured_media":10299,"template":"","meta":{"_joinchat":[]},"product_brand":[],"product_cat":[583,563],"product_tag":[322,416,418],"class_list":{"0":"post-10298","1":"product","2":"type-product","3":"status-publish","4":"has-post-thumbnail","6":"product_cat-carlo-gavazzi-rele-ssr","7":"product_cat-rele-ssr","8":"product_tag-carlo-gavazzi","9":"product_tag-reles","10":"product_tag-reles-carlo-gavazzi","12":"first","13":"instock","14":"taxable","15":"shipping-taxable","16":"product-type-simple"},"_links":{"self":[{"href":"https:\/\/ipselectronica.cl\/web\/wp-json\/wp\/v2\/product\/10298","targetHints":{"allow":["GET"]}}],"collection":[{"href":"https:\/\/ipselectronica.cl\/web\/wp-json\/wp\/v2\/product"}],"about":[{"href":"https:\/\/ipselectronica.cl\/web\/wp-json\/wp\/v2\/types\/product"}],"wp:featuredmedia":[{"embeddable":true,"href":"https:\/\/ipselectronica.cl\/web\/wp-json\/wp\/v2\/media\/10299"}],"wp:attachment":[{"href":"https:\/\/ipselectronica.cl\/web\/wp-json\/wp\/v2\/media?parent=10298"}],"wp:term":[{"taxonomy":"product_brand","embeddable":true,"href":"https:\/\/ipselectronica.cl\/web\/wp-json\/wp\/v2\/product_brand?post=10298"},{"taxonomy":"product_cat","embeddable":true,"href":"https:\/\/ipselectronica.cl\/web\/wp-json\/wp\/v2\/product_cat?post=10298"},{"taxonomy":"product_tag","embeddable":true,"href":"https:\/\/ipselectronica.cl\/web\/wp-json\/wp\/v2\/product_tag?post=10298"}],"curies":[{"name":"wp","href":"https:\/\/api.w.org\/{rel}","templated":true}]}}